{"id":2850,"date":"2020-07-15T10:48:52","date_gmt":"2020-07-15T08:48:52","guid":{"rendered":"https:\/\/www.cannabinno.swiss\/hire-a-cannabinno\/"},"modified":"2021-05-27T11:17:13","modified_gmt":"2021-05-27T09:17:13","slug":"rent-a-cannabinno","status":"publish","type":"page","link":"https:\/\/www.cannabinno.swiss\/en\/rent-a-cannabinno\/","title":{"rendered":"Rent a cannabinno"},"content":{"rendered":"<p><div class=\"fusion-fullwidth fullwidth-box fusion-builder-row-1 nonhundred-percent-fullwidth non-hundred-percent-height-scrolling\" style=\"--awb-border-radius-top-left:0px;--awb-border-radius-top-right:0px;--awb-border-radius-bottom-right:0px;--awb-border-radius-bottom-left:0px;\" ><div class=\"fusion-builder-row fusion-row\"><div class=\"fusion-layout-column fusion_builder_column fusion-builder-column-0 fusion_builder_column_1_2 1_2 fusion-one-half fusion-column-first\" style=\"--awb-bg-size:cover;width:50%;width:calc(50% - ( ( 4% ) * 0.5 ) );margin-right: 4%;\"><div class=\"fusion-column-wrapper fusion-column-has-shadow fusion-flex-column-wrapper-legacy\"><div class=\"fusion-text fusion-text-1\"><h1>Rent a cannabinno<\/h1>\n<p>All cannabinno equipment can also be rented. Ask for our terms and conditions.<\/p>\n<\/div><div class=\"fusion-clearfix\"><\/div><\/div><\/div><div class=\"fusion-layout-column fusion_builder_column fusion-builder-column-1 fusion_builder_column_1_2 1_2 fusion-one-half fusion-column-last\" style=\"--awb-bg-size:cover;width:50%;width:calc(50% - ( ( 4% ) * 0.5 ) );\"><div class=\"fusion-column-wrapper fusion-column-has-shadow fusion-flex-column-wrapper-legacy\"><div class=\"fusion-image-element in-legacy-container\" style=\"--awb-max-width:300px;--awb-caption-title-font-family:var(--h2_typography-font-family);--awb-caption-title-font-weight:var(--h2_typography-font-weight);--awb-caption-title-font-style:var(--h2_typography-font-style);--awb-caption-title-size:var(--h2_typography-font-size);--awb-caption-title-transform:var(--h2_typography-text-transform);--awb-caption-title-line-height:var(--h2_typography-line-height);--awb-caption-title-letter-spacing:var(--h2_typography-letter-spacing);\"><span class=\" fusion-imageframe imageframe-none imageframe-1 hover-type-none\" class=\"image-scroll\"><a href=\"https:\/\/www.cannabinno.swiss\/wp-content\/uploads\/2019\/10\/cutterkurz.jpg?_t=1580373238\" class=\"fusion-lightbox\" data-rel=\"iLightbox[63b95751ae82a2a21b4]\" data-title=\"cannabinno feeder and two trimmers\" title=\"cannabinno feeder and two trimmers\"><img decoding=\"async\" width=\"1920\" height=\"1157\" src=\"https:\/\/www.cannabinno.swiss\/wp-content\/uploads\/2019\/10\/cutterkurz.jpg?_t=1580373238\" alt class=\"img-responsive wp-image-2661\" srcset=\"https:\/\/www.cannabinno.swiss\/wp-content\/uploads\/2019\/10\/cutterkurz-200x121.jpg 200w, https:\/\/www.cannabinno.swiss\/wp-content\/uploads\/2019\/10\/cutterkurz-400x241.jpg 400w, https:\/\/www.cannabinno.swiss\/wp-content\/uploads\/2019\/10\/cutterkurz-600x362.jpg 600w, https:\/\/www.cannabinno.swiss\/wp-content\/uploads\/2019\/10\/cutterkurz-800x482.jpg 800w, https:\/\/www.cannabinno.swiss\/wp-content\/uploads\/2019\/10\/cutterkurz-1200x723.jpg 1200w, https:\/\/www.cannabinno.swiss\/wp-content\/uploads\/2019\/10\/cutterkurz.jpg 1920w\" sizes=\"(max-width: 800px) 100vw, 600px\" \/><\/a><\/span><\/div><div class=\"fusion-clearfix\"><\/div><\/div><\/div><div class=\"fusion-layout-column fusion_builder_column fusion-builder-column-2 fusion_builder_column_1_1 1_1 fusion-one-full fusion-column-first fusion-column-last\" style=\"--awb-bg-size:cover;\"><div class=\"fusion-column-wrapper fusion-column-has-shadow fusion-flex-column-wrapper-legacy\"><div class=\"fusion-sep-clear\"><\/div><div class=\"fusion-separator fusion-full-width-sep\" style=\"margin-left: auto;margin-right: auto;width:100%;\"><div class=\"fusion-separator-border sep-single\" style=\"--awb-height:20px;--awb-amount:20px;border-color:#e0dede;border-top-width:1px;\"><\/div><\/div><div class=\"fusion-sep-clear\"><\/div><div class=\"fusion-clearfix\"><\/div><\/div><\/div><div class=\"fusion-layout-column fusion_builder_column fusion-builder-column-3 fusion_builder_column_1_2 1_2 fusion-one-half fusion-column-first\" style=\"--awb-bg-size:cover;width:50%;width:calc(50% - ( ( 4% ) * 0.5 ) );margin-right: 4%;\"><div class=\"fusion-column-wrapper fusion-column-has-shadow fusion-flex-column-wrapper-legacy\"><style type='text\/css'>\n\t\t\t\t.pricing-table-1 .panel-container, .pricing-table-1 .standout .panel-container,\n\t\t\t\t.pricing-table-1.full-boxed-pricing {background-color:#e5e5e5;}\n\t\t\t\t.pricing-table-1 .list-group .list-group-item,\n\t\t\t\t.pricing-table-1 .list-group .list-group-item:last-child{background-color:#dddddd; border-color:#ededed;}\n\t\t\t\t.pricing-table-1.full-boxed-pricing .panel-wrapper:hover .panel-heading,\n\t\t\t\t.pricing-table-1 .panel-wrapper:hover .list-group-item {background-color:#dddddd;}\n\t\t\t\t.pricing-table-1.full-boxed-pricing .panel-heading{background-color:#dddddd;}\n\t\t\t\t.pricing-table-1 .fusion-panel, .pricing-table-1 .panel-wrapper:last-child .fusion-panel,\n\t\t\t\t.pricing-table-1 .standout .fusion-panel, .pricing-table-1  .panel-heading,\n\t\t\t\t.pricing-table-1 .panel-body, .pricing-table-1 .panel-footer{border-color:#ededed;}\n\t\t\t\t.pricing-table-1 .panel-body,.pricing-table-1 .panel-footer{background-color:#e5e5e5;}\n\t\t\t\t.pricing-table-1.sep-boxed-pricing .panel-heading h3{color:#333333;}\n\t\t\t\t.pricing-table-1.full-boxed-pricing.fusion-pricing-table .panel-heading h3{color:#333333;}\n\t\t\t\t.pricing-table-1.fusion-pricing-table .panel-body .price .decimal-part{color:#8bc34a;}\n\t\t\t\t.pricing-table-1.fusion-pricing-table .panel-body .price .integer-part{color:#8bc34a;}\n\t\t\t\t.pricing-table-1 ul.list-group li{color:#4a4e57;}\n\t\t\t\t<\/style><div class=\"fusion-pricing-table pricing-table-1 full-boxed-pricing row fusion-columns-1 columns-1 fusion-clearfix\"><div class=\"panel-wrapper fusion-column column col-lg-12 col-md-12 col-sm-12 fusion-pricingtable-column\"><div class=\"panel-container\"><div class=\"fusion-panel\"><div class=\"panel-heading\"><h3 class=\"title-row\">cannabinno trimmer midi<\/h3><\/div><div class=\"panel-body pricing-row\"><div class=\"price \"><span class=\"currency\">CHF<\/span><span class=\"integer-part\">on request<\/span><span class=\"time price-without-decimal\">per week \/ excl. 7.7% VAT<\/span><\/div><\/div><ul class=\"list-group\"><li class=\"list-group-item normal-row\">week = 5 working days<\/li><li class=\"list-group-item normal-row\">excl. transport \/ final clean<\/li><\/ul><div class=\"panel-footer footer-row\"><div class=\"fusion-button-wrapper\"><a class=\"fusion-button button-flat fusion-button-default-size button-default fusion-button-default button-1 fusion-button-default-span \" target=\"_self\" href=\"https:\/\/www.cannabinno.swiss\/en\/rent-a-cannabinno\/rental-enquiry\/\"><span class=\"fusion-button-text\">Query availability<\/span><\/a><\/div><\/div><\/div><\/div><\/div><\/div><div class=\"fusion-clearfix\"><\/div><\/div><\/div><div class=\"fusion-layout-column fusion_builder_column fusion-builder-column-4 fusion_builder_column_1_2 1_2 fusion-one-half fusion-column-last\" style=\"--awb-bg-size:cover;width:50%;width:calc(50% - ( ( 4% ) * 0.5 ) );\"><div class=\"fusion-column-wrapper fusion-column-has-shadow fusion-flex-column-wrapper-legacy\"><style type='text\/css'>\n\t\t\t\t.pricing-table-2 .panel-container, .pricing-table-2 .standout .panel-container,\n\t\t\t\t.pricing-table-2.full-boxed-pricing {background-color:#e5e5e5;}\n\t\t\t\t.pricing-table-2 .list-group .list-group-item,\n\t\t\t\t.pricing-table-2 .list-group .list-group-item:last-child{background-color:#dddddd; border-color:#ededed;}\n\t\t\t\t.pricing-table-2.full-boxed-pricing .panel-wrapper:hover .panel-heading,\n\t\t\t\t.pricing-table-2 .panel-wrapper:hover .list-group-item {background-color:#dddddd;}\n\t\t\t\t.pricing-table-2.full-boxed-pricing .panel-heading{background-color:#dddddd;}\n\t\t\t\t.pricing-table-2 .fusion-panel, .pricing-table-2 .panel-wrapper:last-child .fusion-panel,\n\t\t\t\t.pricing-table-2 .standout .fusion-panel, .pricing-table-2  .panel-heading,\n\t\t\t\t.pricing-table-2 .panel-body, .pricing-table-2 .panel-footer{border-color:#ededed;}\n\t\t\t\t.pricing-table-2 .panel-body,.pricing-table-2 .panel-footer{background-color:#e5e5e5;}\n\t\t\t\t.pricing-table-2.sep-boxed-pricing .panel-heading h3{color:#333333;}\n\t\t\t\t.pricing-table-2.full-boxed-pricing.fusion-pricing-table .panel-heading h3{color:#333333;}\n\t\t\t\t.pricing-table-2.fusion-pricing-table .panel-body .price .decimal-part{color:#8bc34a;}\n\t\t\t\t.pricing-table-2.fusion-pricing-table .panel-body .price .integer-part{color:#8bc34a;}\n\t\t\t\t.pricing-table-2 ul.list-group li{color:#4a4e57;}\n\t\t\t\t<\/style><div class=\"fusion-pricing-table pricing-table-2 full-boxed-pricing row fusion-columns-1 columns-1 fusion-clearfix\"><div class=\"panel-wrapper fusion-column column col-lg-12 col-md-12 col-sm-12 fusion-pricingtable-column\"><div class=\"panel-container\"><div class=\"fusion-panel\"><div class=\"panel-heading\"><h3 class=\"title-row\">cannabinno feeder midi<\/h3><\/div><div class=\"panel-body pricing-row\"><div class=\"price \"><span class=\"currency\">CHF<\/span><span class=\"integer-part\">on request<\/span><span class=\"time price-without-decimal\">per week \/ excl. 7.7% VAT<\/span><\/div><\/div><ul class=\"list-group\"><li class=\"list-group-item normal-row\">week = 5 working days<\/li><li class=\"list-group-item normal-row\">excl. transport \/ final clean<\/li><\/ul><div class=\"panel-footer footer-row\"><div class=\"fusion-button-wrapper\"><a class=\"fusion-button button-flat fusion-button-default-size button-default fusion-button-default button-2 fusion-button-default-span \" target=\"_self\" href=\"https:\/\/www.cannabinno.swiss\/en\/rent-a-cannabinno\/rental-enquiry\/\"><span class=\"fusion-button-text\">Query availability<\/span><\/a><\/div><\/div><\/div><\/div><\/div><\/div><div class=\"fusion-clearfix\"><\/div><\/div><\/div><\/div><\/div><div class=\"fusion-fullwidth fullwidth-box fusion-builder-row-2 nonhundred-percent-fullwidth non-hundred-percent-height-scrolling\" style=\"--awb-border-radius-top-left:0px;--awb-border-radius-top-right:0px;--awb-border-radius-bottom-right:0px;--awb-border-radius-bottom-left:0px;\" ><div class=\"fusion-builder-row fusion-row\"><\/div><\/div><\/p>\n","protected":false},"excerpt":{"rendered":"","protected":false},"author":1,"featured_media":0,"parent":0,"menu_order":31,"comment_status":"closed","ping_status":"closed","template":"","meta":{"inline_featured_image":false},"yoast_head":"<!-- This site is optimized with the Yoast SEO Premium plugin v20.7 (Yoast SEO v21.8.1) - https:\/\/yoast.com\/wordpress\/plugins\/seo\/ -->\n<title>Cannabinno - H\u00f6chste Qualit\u00e4t beim CBD Trimmen.<\/title>\n<meta name=\"description\" content=\"Der hochwertige CBD Trimmer f\u00fcr Nass- und Trockenbearbeitung f\u00fcr Cannabisbl\u00fcten ohne Qualit\u00e4tseinbussen - Made in Switzerland\" \/>\n<meta name=\"robots\" content=\"index, follow, max-snippet:-1, max-image-preview:large, max-video-preview:-1\" \/>\n<link rel=\"canonical\" href=\"https:\/\/www.cannabinno.swiss\/en\/rent-a-cannabinno\/\" \/>\n<meta property=\"og:locale\" content=\"en_US\" \/>\n<meta property=\"og:type\" content=\"article\" \/>\n<meta property=\"og:title\" content=\"Cannabinno - H\u00f6chste Qualit\u00e4t beim CBD Trimmen.\" \/>\n<meta property=\"og:description\" content=\"Der hochwertige CBD Trimmer f\u00fcr Nass- und Trockenbearbeitung f\u00fcr Cannabisbl\u00fcten ohne Qualit\u00e4tseinbussen - Made in Switzerland\" \/>\n<meta property=\"og:url\" content=\"https:\/\/www.cannabinno.swiss\/en\/rent-a-cannabinno\/\" \/>\n<meta property=\"og:site_name\" content=\"Cannabinno\" \/>\n<meta property=\"article:publisher\" content=\"https:\/\/www.facebook.com\/cannabinno\/\" \/>\n<meta property=\"article:modified_time\" content=\"2021-05-27T09:17:13+00:00\" \/>\n<meta property=\"og:image\" content=\"https:\/\/www.cannabinno.swiss\/wp-content\/uploads\/2021\/09\/trimmer-midi-5.jpg\" \/>\n\t<meta property=\"og:image:width\" content=\"2100\" \/>\n\t<meta property=\"og:image:height\" content=\"1400\" \/>\n\t<meta property=\"og:image:type\" content=\"image\/jpeg\" \/>\n<meta name=\"twitter:card\" content=\"summary_large_image\" \/>\n<meta name=\"twitter:label1\" content=\"Est. reading time\" \/>\n\t<meta name=\"twitter:data1\" content=\"9 minutes\" \/>\n<script type=\"application\/ld+json\" class=\"yoast-schema-graph\">{\"@context\":\"https:\/\/schema.org\",\"@graph\":[{\"@type\":\"WebPage\",\"@id\":\"https:\/\/www.cannabinno.swiss\/en\/rent-a-cannabinno\/\",\"url\":\"https:\/\/www.cannabinno.swiss\/en\/rent-a-cannabinno\/\",\"name\":\"Cannabinno - H\u00f6chste Qualit\u00e4t beim CBD Trimmen.\",\"isPartOf\":{\"@id\":\"https:\/\/www.cannabinno.swiss\/en\/#website\"},\"datePublished\":\"2020-07-15T08:48:52+00:00\",\"dateModified\":\"2021-05-27T09:17:13+00:00\",\"description\":\"Der hochwertige CBD Trimmer f\u00fcr Nass- und Trockenbearbeitung f\u00fcr Cannabisbl\u00fcten ohne Qualit\u00e4tseinbussen - Made in Switzerland\",\"breadcrumb\":{\"@id\":\"https:\/\/www.cannabinno.swiss\/en\/rent-a-cannabinno\/#breadcrumb\"},\"inLanguage\":\"en-US\",\"potentialAction\":[{\"@type\":\"ReadAction\",\"target\":[\"https:\/\/www.cannabinno.swiss\/en\/rent-a-cannabinno\/\"]}]},{\"@type\":\"BreadcrumbList\",\"@id\":\"https:\/\/www.cannabinno.swiss\/en\/rent-a-cannabinno\/#breadcrumb\",\"itemListElement\":[{\"@type\":\"ListItem\",\"position\":1,\"name\":\"Startseite\",\"item\":\"https:\/\/www.cannabinno.swiss\/en\/\"},{\"@type\":\"ListItem\",\"position\":2,\"name\":\"Rent a cannabinno\"}]},{\"@type\":\"WebSite\",\"@id\":\"https:\/\/www.cannabinno.swiss\/en\/#website\",\"url\":\"https:\/\/www.cannabinno.swiss\/en\/\",\"name\":\"Cannabinno\",\"description\":\"The innovative cannabis grafting system from Adec-Solutions - Highest quality for the perfect yield - &quot;Made in Switzerland&quot;.\",\"publisher\":{\"@id\":\"https:\/\/www.cannabinno.swiss\/en\/#organization\"},\"potentialAction\":[{\"@type\":\"SearchAction\",\"target\":{\"@type\":\"EntryPoint\",\"urlTemplate\":\"https:\/\/www.cannabinno.swiss\/en\/?s={search_term_string}\"},\"query-input\":\"required name=search_term_string\"}],\"inLanguage\":\"en-US\"},{\"@type\":\"Organization\",\"@id\":\"https:\/\/www.cannabinno.swiss\/en\/#organization\",\"name\":\"Cannabinno\",\"url\":\"https:\/\/www.cannabinno.swiss\/en\/\",\"logo\":{\"@type\":\"ImageObject\",\"inLanguage\":\"en-US\",\"@id\":\"https:\/\/www.cannabinno.swiss\/en\/#\/schema\/logo\/image\/\",\"url\":\"https:\/\/www.cannabinno.swiss\/wp-content\/uploads\/2019\/03\/logo_cannabinno.svg\",\"contentUrl\":\"https:\/\/www.cannabinno.swiss\/wp-content\/uploads\/2019\/03\/logo_cannabinno.svg\",\"width\":243,\"height\":93,\"caption\":\"Cannabinno\"},\"image\":{\"@id\":\"https:\/\/www.cannabinno.swiss\/en\/#\/schema\/logo\/image\/\"},\"sameAs\":[\"https:\/\/www.facebook.com\/cannabinno\/\",\"https:\/\/www.instagram.com\/cannabinno.swiss\/\",\"https:\/\/www.linkedin.com\/showcase\/cannabinno\"]}]}<\/script>\n<!-- \/ Yoast SEO Premium plugin. -->","yoast_head_json":{"title":"Cannabinno - H\u00f6chste Qualit\u00e4t beim CBD Trimmen.","description":"Der hochwertige CBD Trimmer f\u00fcr Nass- und Trockenbearbeitung f\u00fcr Cannabisbl\u00fcten ohne Qualit\u00e4tseinbussen - Made in Switzerland","robots":{"index":"index","follow":"follow","max-snippet":"max-snippet:-1","max-image-preview":"max-image-preview:large","max-video-preview":"max-video-preview:-1"},"canonical":"https:\/\/www.cannabinno.swiss\/en\/rent-a-cannabinno\/","og_locale":"en_US","og_type":"article","og_title":"Cannabinno - H\u00f6chste Qualit\u00e4t beim CBD Trimmen.","og_description":"Der hochwertige CBD Trimmer f\u00fcr Nass- und Trockenbearbeitung f\u00fcr Cannabisbl\u00fcten ohne Qualit\u00e4tseinbussen - Made in Switzerland","og_url":"https:\/\/www.cannabinno.swiss\/en\/rent-a-cannabinno\/","og_site_name":"Cannabinno","article_publisher":"https:\/\/www.facebook.com\/cannabinno\/","article_modified_time":"2021-05-27T09:17:13+00:00","og_image":[{"width":2100,"height":1400,"url":"https:\/\/www.cannabinno.swiss\/wp-content\/uploads\/2021\/09\/trimmer-midi-5.jpg","type":"image\/jpeg"}],"twitter_card":"summary_large_image","twitter_misc":{"Est. reading time":"9 minutes"},"schema":{"@context":"https:\/\/schema.org","@graph":[{"@type":"WebPage","@id":"https:\/\/www.cannabinno.swiss\/en\/rent-a-cannabinno\/","url":"https:\/\/www.cannabinno.swiss\/en\/rent-a-cannabinno\/","name":"Cannabinno - H\u00f6chste Qualit\u00e4t beim CBD Trimmen.","isPartOf":{"@id":"https:\/\/www.cannabinno.swiss\/en\/#website"},"datePublished":"2020-07-15T08:48:52+00:00","dateModified":"2021-05-27T09:17:13+00:00","description":"Der hochwertige CBD Trimmer f\u00fcr Nass- und Trockenbearbeitung f\u00fcr Cannabisbl\u00fcten ohne Qualit\u00e4tseinbussen - Made in Switzerland","breadcrumb":{"@id":"https:\/\/www.cannabinno.swiss\/en\/rent-a-cannabinno\/#breadcrumb"},"inLanguage":"en-US","potentialAction":[{"@type":"ReadAction","target":["https:\/\/www.cannabinno.swiss\/en\/rent-a-cannabinno\/"]}]},{"@type":"BreadcrumbList","@id":"https:\/\/www.cannabinno.swiss\/en\/rent-a-cannabinno\/#breadcrumb","itemListElement":[{"@type":"ListItem","position":1,"name":"Startseite","item":"https:\/\/www.cannabinno.swiss\/en\/"},{"@type":"ListItem","position":2,"name":"Rent a cannabinno"}]},{"@type":"WebSite","@id":"https:\/\/www.cannabinno.swiss\/en\/#website","url":"https:\/\/www.cannabinno.swiss\/en\/","name":"Cannabinno","description":"The innovative cannabis grafting system from Adec-Solutions - Highest quality for the perfect yield - &quot;Made in Switzerland&quot;.","publisher":{"@id":"https:\/\/www.cannabinno.swiss\/en\/#organization"},"potentialAction":[{"@type":"SearchAction","target":{"@type":"EntryPoint","urlTemplate":"https:\/\/www.cannabinno.swiss\/en\/?s={search_term_string}"},"query-input":"required name=search_term_string"}],"inLanguage":"en-US"},{"@type":"Organization","@id":"https:\/\/www.cannabinno.swiss\/en\/#organization","name":"Cannabinno","url":"https:\/\/www.cannabinno.swiss\/en\/","logo":{"@type":"ImageObject","inLanguage":"en-US","@id":"https:\/\/www.cannabinno.swiss\/en\/#\/schema\/logo\/image\/","url":"https:\/\/www.cannabinno.swiss\/wp-content\/uploads\/2019\/03\/logo_cannabinno.svg","contentUrl":"https:\/\/www.cannabinno.swiss\/wp-content\/uploads\/2019\/03\/logo_cannabinno.svg","width":243,"height":93,"caption":"Cannabinno"},"image":{"@id":"https:\/\/www.cannabinno.swiss\/en\/#\/schema\/logo\/image\/"},"sameAs":["https:\/\/www.facebook.com\/cannabinno\/","https:\/\/www.instagram.com\/cannabinno.swiss\/","https:\/\/www.linkedin.com\/showcase\/cannabinno"]}]}},"_links":{"self":[{"href":"https:\/\/www.cannabinno.swiss\/en\/wp-json\/wp\/v2\/pages\/2850"}],"collection":[{"href":"https:\/\/www.cannabinno.swiss\/en\/wp-json\/wp\/v2\/pages"}],"about":[{"href":"https:\/\/www.cannabinno.swiss\/en\/wp-json\/wp\/v2\/types\/page"}],"author":[{"embeddable":true,"href":"https:\/\/www.cannabinno.swiss\/en\/wp-json\/wp\/v2\/users\/1"}],"replies":[{"embeddable":true,"href":"https:\/\/www.cannabinno.swiss\/en\/wp-json\/wp\/v2\/comments?post=2850"}],"version-history":[{"count":0,"href":"https:\/\/www.cannabinno.swiss\/en\/wp-json\/wp\/v2\/pages\/2850\/revisions"}],"wp:attachment":[{"href":"https:\/\/www.cannabinno.swiss\/en\/wp-json\/wp\/v2\/media?parent=2850"}],"curies":[{"name":"wp","href":"https:\/\/api.w.org\/{rel}","templated":true}]}}