{"id":2874,"date":"2020-07-15T10:49:09","date_gmt":"2020-07-15T08:49:09","guid":{"rendered":"https:\/\/www.cannabinno.swiss\/blog\/"},"modified":"2020-07-15T10:58:29","modified_gmt":"2020-07-15T08:58:29","slug":"blog","status":"publish","type":"page","link":"https:\/\/www.cannabinno.swiss\/en\/blog\/","title":{"rendered":"Blog"},"content":{"rendered":"<div class=\"fusion-fullwidth fullwidth-box fusion-builder-row-1 nonhundred-percent-fullwidth non-hundred-percent-height-scrolling\" style=\"--awb-border-radius-top-left:0px;--awb-border-radius-top-right:0px;--awb-border-radius-bottom-right:0px;--awb-border-radius-bottom-left:0px;\" ><div class=\"fusion-builder-row fusion-row\"><div class=\"fusion-layout-column fusion_builder_column fusion-builder-column-0 fusion_builder_column_3_4 3_4 fusion-three-fourth fusion-column-first\" style=\"--awb-bg-size:cover;width:75%;width:calc(75% - ( ( 4% ) * 0.75 ) );margin-right: 4%;\"><div class=\"fusion-column-wrapper fusion-column-has-shadow fusion-flex-column-wrapper-legacy\"><div class=\"fusion-blog-shortcode fusion-blog-shortcode-1 fusion-blog-archive fusion-blog-layout-large fusion-blog-pagination\"><div class=\"fusion-posts-container fusion-posts-container-pagination fusion-blog-rollover\" data-pages=\"1\"><article id=\"blog-1-post-9047\" class=\"fusion-post-large post-9047 post type-post status-publish format-standard has-post-thumbnail hentry category-messen-en\">\n\t<style type=\"text\/css\">\n\t\t\n\t\t\n\t\t\n\t\t\n\t\t\t<\/style>\n\n\n\t\t\t<div class=\"fusion-flexslider flexslider fusion-flexslider-loading fusion-post-slideshow\" style=\"\">\n\t\t<ul class=\"slides\">\n\t\t\t\n\t\t\t\t\t\t\t\t\t\t\t\t\t\t<li><div  class=\"fusion-image-wrapper\" aria-haspopup=\"true\">\n\t\t\t\t<img width=\"1080\" height=\"1080\" src=\"https:\/\/www.cannabinno.swiss\/wp-content\/uploads\/2022\/09\/2022_CB-Expo_Promo_Instagram_1200x1200.jpg\" class=\"attachment-full size-full wp-post-image\" alt=\"\" decoding=\"async\" srcset=\"https:\/\/www.cannabinno.swiss\/wp-content\/uploads\/2022\/09\/2022_CB-Expo_Promo_Instagram_1200x1200-200x200.jpg 200w, https:\/\/www.cannabinno.swiss\/wp-content\/uploads\/2022\/09\/2022_CB-Expo_Promo_Instagram_1200x1200-400x400.jpg 400w, https:\/\/www.cannabinno.swiss\/wp-content\/uploads\/2022\/09\/2022_CB-Expo_Promo_Instagram_1200x1200-600x600.jpg 600w, https:\/\/www.cannabinno.swiss\/wp-content\/uploads\/2022\/09\/2022_CB-Expo_Promo_Instagram_1200x1200-800x800.jpg 800w, https:\/\/www.cannabinno.swiss\/wp-content\/uploads\/2022\/09\/2022_CB-Expo_Promo_Instagram_1200x1200.jpg 1080w\" sizes=\"(max-width: 800px) 100vw, 1080px\" \/><div class=\"fusion-rollover\">\n\t<div class=\"fusion-rollover-content\">\n\n\t\t\t\t\t\t\t\t\t\t\t\t\t\t<a class=\"fusion-rollover-link\" href=\"https:\/\/www.cannabinno.swiss\/en\/2022\/09\/cb-expo-zuerich-10-bis-11-september-2022\/\">CB EXPO Z\u00fcrich, 10.&nbsp;bis 11.&nbsp;September&nbsp;2022<\/a>\n\t\t\t\n\t\t\t\t\t\t\t\t\t\t\t\t\t\t\n\t\t\t\t\t\t\t\t\n\t\t\t\t\t\t\t\t\t\t\t\t\t<div class=\"fusion-rollover-sep\"><\/div>\n\t\t\t\t\n\t\t\t\t\t\t\t\t\t\t\t\t\t\t\t\t\t\t<a class=\"fusion-rollover-gallery\" href=\"https:\/\/www.cannabinno.swiss\/wp-content\/uploads\/2022\/09\/2022_CB-Expo_Promo_Instagram_1200x1200.jpg\" data-id=\"9047\" data-rel=\"iLightbox[gallery]\" data-title=\"2022_CB-Expo_Promo_Instagram_1200x1200\" data-caption=\"\">\n\t\t\t\t\t\tGallery\t\t\t\t\t<\/a>\n\t\t\t\t\t\t\t\t\t\t\t\t\t\t\n\t\t\n\t\t\t\t\t\t\t\t\t\t\t\t<h4 class=\"fusion-rollover-title\">\n\t\t\t\t\t<a class=\"fusion-rollover-title-link\" href=\"https:\/\/www.cannabinno.swiss\/en\/2022\/09\/cb-expo-zuerich-10-bis-11-september-2022\/\">\n\t\t\t\t\t\tCB EXPO Z\u00fcrich, 10.&nbsp;bis 11.&nbsp;September&nbsp;2022\t\t\t\t\t<\/a>\n\t\t\t\t<\/h4>\n\t\t\t\n\t\t\t\t\t\t\t\t\t\t<div class=\"fusion-rollover-categories\"><a href=\"https:\/\/www.cannabinno.swiss\/en\/category\/messen-en\/\" rel=\"tag\">Messen<\/a>, <a href=\"https:\/\/www.cannabinno.swiss\/en\/category\/messen-en\/\" rel=\"tag\">Messen<\/a><\/div>\t\t\t\t\t\n\t\t\n\t\t\t\t\t\t<a class=\"fusion-link-wrapper\" href=\"https:\/\/www.cannabinno.swiss\/en\/2022\/09\/cb-expo-zuerich-10-bis-11-september-2022\/\" aria-label=\"CB EXPO Z\u00fcrich, 10.&nbsp;bis 11.&nbsp;September&nbsp;2022\"><\/a>\n\t<\/div>\n<\/div>\n<\/div>\n<\/li>\n\t\t\t\n\t\t\t\n\t\t\t\t\t\t\t\t\t\t\t\n\t\t\t\t\t\n\t\t\t\t\t\t\t\t\t\t\t<li>\n\t\t\t\t\t\t\t<div class=\"fusion-image-wrapper\">\n\t\t\t\t\t\t\t\t<a href=\"https:\/\/www.cannabinno.swiss\/en\/2022\/09\/cb-expo-zuerich-10-bis-11-september-2022\/\" aria-label=\"CB EXPO Z\u00fcrich, 10.&nbsp;bis 11.&nbsp;September&nbsp;2022\">\n\t\t\t\t\t\t\t\t\t<img decoding=\"async\" width=\"1030\" height=\"685\" src=\"https:\/\/www.cannabinno.swiss\/wp-content\/uploads\/2020\/01\/cannatrade_18.jpg\" alt=\"\" class=\"wp-image-2681\" role=\"presentation\" srcset=\"https:\/\/www.cannabinno.swiss\/wp-content\/uploads\/2020\/01\/cannatrade_18-200x133.jpg 200w, https:\/\/www.cannabinno.swiss\/wp-content\/uploads\/2020\/01\/cannatrade_18-400x266.jpg 400w, https:\/\/www.cannabinno.swiss\/wp-content\/uploads\/2020\/01\/cannatrade_18-600x399.jpg 600w, https:\/\/www.cannabinno.swiss\/wp-content\/uploads\/2020\/01\/cannatrade_18-800x532.jpg 800w, https:\/\/www.cannabinno.swiss\/wp-content\/uploads\/2020\/01\/cannatrade_18.jpg 1030w\" sizes=\"(max-width: 800px) 100vw, 1030px\" \/>\t\t\t\t\t\t\t\t<\/a>\n\t\t\t\t\t\t\t\t<a style=\"display:none;\" href=\"https:\/\/www.cannabinno.swiss\/wp-content\/uploads\/2020\/01\/cannatrade_18.jpg\" data-rel=\"iLightbox[gallery9047]\"  title=\"\" data-title=\"Cannatrade 2018\" data-caption=\"\">\n\t\t\t\t\t\t\t\t\t\t\t\t\t\t\t\t\t<\/a>\n\t\t\t\t\t\t\t<\/div>\n\t\t\t\t\t\t<\/li>\n\t\t\t\t\t\t\t\t\t\t\t\t\t\t\t\t\t\t\t\t\t\t\t\t\t\t\t\t\t\t\t\t\t\t\t\t\t\t\t\t\t\t\t\t\t\t\t\t\t\t\t\t\t\t\t\t\t\t\t\t\t\t\t\t\t\t<\/ul>\n\t<\/div>\n\t<div class=\"fusion-post-content post-content\"><h2 class=\"blog-shortcode-post-title entry-title\"><a href=\"https:\/\/www.cannabinno.swiss\/en\/2022\/09\/cb-expo-zuerich-10-bis-11-september-2022\/\">CB EXPO Z\u00fcrich, 10.&nbsp;bis 11.&nbsp;September&nbsp;2022<\/a><\/h2><div class=\"fusion-post-content-container\"><p>C<\/p><\/div><\/div><div class=\"fusion-clearfix\"><\/div><div class=\"fusion-meta-info\"><div class=\"fusion-alignleft\">By <span><a href=\"https:\/\/www.cannabinno.swiss\/en\/author\/innendienst\/\" title=\"Posts by Innendienst\" rel=\"author\">Innendienst<\/a><\/span><span class=\"fusion-inline-sep\">|<\/span><span class=\"updated\" style=\"display:none;\">2022-09-01T16:16:19+02:00<\/span><span>1. September 2022<\/span><span class=\"fusion-inline-sep\">|<\/span>Categories: <a href=\"https:\/\/www.cannabinno.swiss\/en\/category\/messen-en\/\" rel=\"category tag\">Messen<\/a>, <a href=\"https:\/\/www.cannabinno.swiss\/en\/category\/messen-en\/\" rel=\"category tag\">Messen<\/a><span class=\"fusion-inline-sep\">|<\/span><span class=\"fusion-comments\"><a href=\"https:\/\/www.cannabinno.swiss\/en\/2022\/09\/cb-expo-zuerich-10-bis-11-september-2022\/#respond\">0 Comments<\/a><\/span><\/div><div class=\"fusion-alignright\"><a class=\"fusion-read-more\" href=\"https:\/\/www.cannabinno.swiss\/en\/2022\/09\/cb-expo-zuerich-10-bis-11-september-2022\/\" aria-label=\"More on CB EXPO Z\u00fcrich, 10.&nbsp;bis 11.&nbsp;September&nbsp;2022\">Read More<\/a><\/div><\/div><\/article>\n<article id=\"blog-1-post-6974\" class=\"fusion-post-large post-6974 post type-post status-publish format-standard has-post-thumbnail hentry category-messen-en\">\n\t<style type=\"text\/css\">\n\t\t\n\t\t\n\t\t\n\t\t\n\t\t\t<\/style>\n\n\n\t\t\t<div class=\"fusion-flexslider flexslider fusion-flexslider-loading fusion-post-slideshow\" style=\"\">\n\t\t<ul class=\"slides\">\n\t\t\t\n\t\t\t\t\t\t\t\t\t\t\t\t\t\t<li><div  class=\"fusion-image-wrapper\" aria-haspopup=\"true\">\n\t\t\t\t<img width=\"1080\" height=\"1547\" src=\"https:\/\/www.cannabinno.swiss\/wp-content\/uploads\/2020\/01\/Cannatrade_2022_P-e1639557288443.jpg\" class=\"attachment-full size-full wp-post-image\" alt=\"\" decoding=\"async\" \/><div class=\"fusion-rollover\">\n\t<div class=\"fusion-rollover-content\">\n\n\t\t\t\t\t\t\t\t\t\t\t\t\t\t<a class=\"fusion-rollover-link\" href=\"https:\/\/www.cannabinno.swiss\/en\/2021\/12\/cannatrade-festival-from20-to-22-may-2022-bernexpo-in-bern\/\">CannaTrade-Festival from20.&nbsp;to 22.&nbsp;May&nbsp;2022, BernExpo in Bern<\/a>\n\t\t\t\n\t\t\t\t\t\t\t\t\t\t\t\t\t\t\n\t\t\t\t\t\t\t\t\n\t\t\t\t\t\t\t\t\t\t\t\t\t<div class=\"fusion-rollover-sep\"><\/div>\n\t\t\t\t\n\t\t\t\t\t\t\t\t\t\t\t\t\t\t\t\t\t\t<a class=\"fusion-rollover-gallery\" href=\"https:\/\/www.cannabinno.swiss\/wp-content\/uploads\/2020\/01\/Cannatrade_2022_P-e1639557288443.jpg\" data-id=\"6974\" data-rel=\"iLightbox[gallery]\" data-title=\"Cannatrade_2022_P\" data-caption=\"\">\n\t\t\t\t\t\tGallery\t\t\t\t\t<\/a>\n\t\t\t\t\t\t\t\t\t\t\t\t\t\t\n\t\t\n\t\t\t\t\t\t\t\t\t\t\t\t<h4 class=\"fusion-rollover-title\">\n\t\t\t\t\t<a class=\"fusion-rollover-title-link\" href=\"https:\/\/www.cannabinno.swiss\/en\/2021\/12\/cannatrade-festival-from20-to-22-may-2022-bernexpo-in-bern\/\">\n\t\t\t\t\t\tCannaTrade-Festival from20.&nbsp;to 22.&nbsp;May&nbsp;2022, BernExpo in Bern\t\t\t\t\t<\/a>\n\t\t\t\t<\/h4>\n\t\t\t\n\t\t\t\t\t\t\t\t\t\t<div class=\"fusion-rollover-categories\"><a href=\"https:\/\/www.cannabinno.swiss\/en\/category\/messen-en\/\" rel=\"tag\">Messen<\/a><\/div>\t\t\t\t\t\n\t\t\n\t\t\t\t\t\t<a class=\"fusion-link-wrapper\" href=\"https:\/\/www.cannabinno.swiss\/en\/2021\/12\/cannatrade-festival-from20-to-22-may-2022-bernexpo-in-bern\/\" aria-label=\"CannaTrade-Festival from20.&nbsp;to 22.&nbsp;May&nbsp;2022, BernExpo in Bern\"><\/a>\n\t<\/div>\n<\/div>\n<\/div>\n<\/li>\n\t\t\t\n\t\t\t\n\t\t\t\t\t\t\t\t\t\t\t\t\t\t\t\t\t\t\t\t\t\t\t\t\t\t\n\t\t\t\t\t\n\t\t\t\t\t\t\t\t\t\t\t<li>\n\t\t\t\t\t\t\t<div class=\"fusion-image-wrapper\">\n\t\t\t\t\t\t\t\t<a href=\"https:\/\/www.cannabinno.swiss\/en\/2021\/12\/cannatrade-festival-from20-to-22-may-2022-bernexpo-in-bern\/\" aria-label=\"CannaTrade-Festival from20.&nbsp;to 22.&nbsp;May&nbsp;2022, BernExpo in Bern\">\n\t\t\t\t\t\t\t\t\t<img decoding=\"async\" src=\"\" alt=\"\" class=\"wp-image-6964\" role=\"presentation\"\/>\t\t\t\t\t\t\t\t<\/a>\n\t\t\t\t\t\t\t\t<a style=\"display:none;\" href=\"\" data-rel=\"iLightbox[gallery6974]\"  title=\"\" data-title=\"\" data-caption=\"\">\n\t\t\t\t\t\t\t\t\t\t\t\t\t\t\t\t\t<\/a>\n\t\t\t\t\t\t\t<\/div>\n\t\t\t\t\t\t<\/li>\n\t\t\t\t\t\t\t\t\t\t\t\t\t\t\t\t\t\t\t\t\t\t\t\t\t\t\t\t\t\t\t\t\t\t\t\t\t\t\t\t\t\t\t\t\t\t\t\t\t\t\t<\/ul>\n\t<\/div>\n\t<div class=\"fusion-post-content post-content\"><h2 class=\"blog-shortcode-post-title entry-title\"><a href=\"https:\/\/www.cannabinno.swiss\/en\/2021\/12\/cannatrade-festival-from20-to-22-may-2022-bernexpo-in-bern\/\">CannaTrade-Festival from20.&nbsp;to 22.&nbsp;May&nbsp;2022, BernExpo in Bern<\/a><\/h2><div class=\"fusion-post-content-container\"><p>CannaTrade - the International Cannabis Expo - for business people and consumers, since 2001\r\nMore than 250 exhibitors from all over the world will be presenting tried-and-tested products, new products and innovations. Soak up the amazing atmosphere at CannaTrade \u2013 whether in the Business Lounge, for the exclusive use of business partners, or the comfortable Chillout-Area for visitors. Plus don't miss the chance to enjoy a feast at the Hemp Food Festival along with many more highlights.<\/p><\/div><\/div><div class=\"fusion-clearfix\"><\/div><div class=\"fusion-meta-info\"><div class=\"fusion-alignleft\">By <span><a href=\"https:\/\/www.cannabinno.swiss\/en\/author\/innendienst\/\" title=\"Posts by Innendienst\" rel=\"author\">Innendienst<\/a><\/span><span class=\"fusion-inline-sep\">|<\/span><span class=\"updated\" style=\"display:none;\">2021-12-15T10:54:43+01:00<\/span><span>15. December 2021<\/span><span class=\"fusion-inline-sep\">|<\/span>Categories: <a href=\"https:\/\/www.cannabinno.swiss\/en\/category\/messen-en\/\" rel=\"category tag\">Messen<\/a><span class=\"fusion-inline-sep\">|<\/span><span class=\"fusion-comments\"><a href=\"https:\/\/www.cannabinno.swiss\/en\/2021\/12\/cannatrade-festival-from20-to-22-may-2022-bernexpo-in-bern\/#respond\">0 Comments<\/a><\/span><\/div><div class=\"fusion-alignright\"><a class=\"fusion-read-more\" href=\"https:\/\/www.cannabinno.swiss\/en\/2021\/12\/cannatrade-festival-from20-to-22-may-2022-bernexpo-in-bern\/\" aria-label=\"More on CannaTrade-Festival from20.&nbsp;to 22.&nbsp;May&nbsp;2022, BernExpo in Bern\">Read More<\/a><\/div><\/div><\/article>\n<\/div><\/div><div class=\"fusion-clearfix\"><\/div><\/div><\/div><div class=\"fusion-layout-column fusion_builder_column fusion-builder-column-1 fusion_builder_column_1_4 1_4 fusion-one-fourth fusion-column-last\" style=\"--awb-bg-size:cover;width:25%;width:calc(25% - ( ( 4% ) * 0.25 ) );\"><div class=\"fusion-column-wrapper fusion-column-has-shadow fusion-flex-column-wrapper-legacy\"><div class=\"fusion-clearfix\"><\/div><\/div><\/div><\/div><\/div>\n","protected":false},"excerpt":{"rendered":"","protected":false},"author":1,"featured_media":0,"parent":0,"menu_order":50,"comment_status":"closed","ping_status":"closed","template":"","meta":{"inline_featured_image":false},"yoast_head":"<!-- This site is optimized with the Yoast SEO Premium plugin v20.7 (Yoast SEO v21.8.1) - https:\/\/yoast.com\/wordpress\/plugins\/seo\/ -->\n<title>Cannabinno - H\u00f6chste Qualit\u00e4t beim CBD Trimmen.<\/title>\n<meta name=\"description\" content=\"Der hochwertige CBD Trimmer f\u00fcr Nass- und Trockenbearbeitung f\u00fcr Cannabisbl\u00fcten ohne Qualit\u00e4tseinbussen - Made in Switzerland\" \/>\n<meta name=\"robots\" content=\"index, follow, max-snippet:-1, max-image-preview:large, max-video-preview:-1\" \/>\n<link rel=\"canonical\" href=\"https:\/\/www.cannabinno.swiss\/en\/blog\/\" \/>\n<meta property=\"og:locale\" content=\"en_US\" \/>\n<meta property=\"og:type\" content=\"article\" \/>\n<meta property=\"og:title\" content=\"Cannabinno - H\u00f6chste Qualit\u00e4t beim CBD Trimmen.\" \/>\n<meta property=\"og:description\" content=\"Der hochwertige CBD Trimmer f\u00fcr Nass- und Trockenbearbeitung f\u00fcr Cannabisbl\u00fcten ohne Qualit\u00e4tseinbussen - Made in Switzerland\" \/>\n<meta property=\"og:url\" content=\"https:\/\/www.cannabinno.swiss\/en\/blog\/\" \/>\n<meta property=\"og:site_name\" content=\"Cannabinno\" \/>\n<meta property=\"article:publisher\" content=\"https:\/\/www.facebook.com\/cannabinno\/\" \/>\n<meta property=\"article:modified_time\" content=\"2020-07-15T08:58:29+00:00\" \/>\n<meta property=\"og:image\" content=\"https:\/\/www.cannabinno.swiss\/wp-content\/uploads\/2021\/09\/trimmer-midi-5.jpg\" \/>\n\t<meta property=\"og:image:width\" content=\"2100\" \/>\n\t<meta property=\"og:image:height\" content=\"1400\" \/>\n\t<meta property=\"og:image:type\" content=\"image\/jpeg\" \/>\n<meta name=\"twitter:card\" content=\"summary_large_image\" \/>\n<meta name=\"twitter:label1\" content=\"Est. reading time\" \/>\n\t<meta name=\"twitter:data1\" content=\"3 minutes\" \/>\n<script type=\"application\/ld+json\" class=\"yoast-schema-graph\">{\"@context\":\"https:\/\/schema.org\",\"@graph\":[{\"@type\":\"WebPage\",\"@id\":\"https:\/\/www.cannabinno.swiss\/en\/blog\/\",\"url\":\"https:\/\/www.cannabinno.swiss\/en\/blog\/\",\"name\":\"Cannabinno - H\u00f6chste Qualit\u00e4t beim CBD Trimmen.\",\"isPartOf\":{\"@id\":\"https:\/\/www.cannabinno.swiss\/en\/#website\"},\"datePublished\":\"2020-07-15T08:49:09+00:00\",\"dateModified\":\"2020-07-15T08:58:29+00:00\",\"description\":\"Der hochwertige CBD Trimmer f\u00fcr Nass- und Trockenbearbeitung f\u00fcr Cannabisbl\u00fcten ohne Qualit\u00e4tseinbussen - Made in Switzerland\",\"breadcrumb\":{\"@id\":\"https:\/\/www.cannabinno.swiss\/en\/blog\/#breadcrumb\"},\"inLanguage\":\"en-US\",\"potentialAction\":[{\"@type\":\"ReadAction\",\"target\":[\"https:\/\/www.cannabinno.swiss\/en\/blog\/\"]}]},{\"@type\":\"BreadcrumbList\",\"@id\":\"https:\/\/www.cannabinno.swiss\/en\/blog\/#breadcrumb\",\"itemListElement\":[{\"@type\":\"ListItem\",\"position\":1,\"name\":\"Startseite\",\"item\":\"https:\/\/www.cannabinno.swiss\/en\/\"},{\"@type\":\"ListItem\",\"position\":2,\"name\":\"Blog\"}]},{\"@type\":\"WebSite\",\"@id\":\"https:\/\/www.cannabinno.swiss\/en\/#website\",\"url\":\"https:\/\/www.cannabinno.swiss\/en\/\",\"name\":\"Cannabinno\",\"description\":\"The innovative cannabis grafting system from Adec-Solutions - Highest quality for the perfect yield - &quot;Made in Switzerland&quot;.\",\"publisher\":{\"@id\":\"https:\/\/www.cannabinno.swiss\/en\/#organization\"},\"potentialAction\":[{\"@type\":\"SearchAction\",\"target\":{\"@type\":\"EntryPoint\",\"urlTemplate\":\"https:\/\/www.cannabinno.swiss\/en\/?s={search_term_string}\"},\"query-input\":\"required name=search_term_string\"}],\"inLanguage\":\"en-US\"},{\"@type\":\"Organization\",\"@id\":\"https:\/\/www.cannabinno.swiss\/en\/#organization\",\"name\":\"Cannabinno\",\"url\":\"https:\/\/www.cannabinno.swiss\/en\/\",\"logo\":{\"@type\":\"ImageObject\",\"inLanguage\":\"en-US\",\"@id\":\"https:\/\/www.cannabinno.swiss\/en\/#\/schema\/logo\/image\/\",\"url\":\"https:\/\/www.cannabinno.swiss\/wp-content\/uploads\/2019\/03\/logo_cannabinno.svg\",\"contentUrl\":\"https:\/\/www.cannabinno.swiss\/wp-content\/uploads\/2019\/03\/logo_cannabinno.svg\",\"width\":243,\"height\":93,\"caption\":\"Cannabinno\"},\"image\":{\"@id\":\"https:\/\/www.cannabinno.swiss\/en\/#\/schema\/logo\/image\/\"},\"sameAs\":[\"https:\/\/www.facebook.com\/cannabinno\/\",\"https:\/\/www.instagram.com\/cannabinno.swiss\/\",\"https:\/\/www.linkedin.com\/showcase\/cannabinno\"]}]}<\/script>\n<!-- \/ Yoast SEO Premium plugin. -->","yoast_head_json":{"title":"Cannabinno - H\u00f6chste Qualit\u00e4t beim CBD Trimmen.","description":"Der hochwertige CBD Trimmer f\u00fcr Nass- und Trockenbearbeitung f\u00fcr Cannabisbl\u00fcten ohne Qualit\u00e4tseinbussen - Made in Switzerland","robots":{"index":"index","follow":"follow","max-snippet":"max-snippet:-1","max-image-preview":"max-image-preview:large","max-video-preview":"max-video-preview:-1"},"canonical":"https:\/\/www.cannabinno.swiss\/en\/blog\/","og_locale":"en_US","og_type":"article","og_title":"Cannabinno - H\u00f6chste Qualit\u00e4t beim CBD Trimmen.","og_description":"Der hochwertige CBD Trimmer f\u00fcr Nass- und Trockenbearbeitung f\u00fcr Cannabisbl\u00fcten ohne Qualit\u00e4tseinbussen - Made in Switzerland","og_url":"https:\/\/www.cannabinno.swiss\/en\/blog\/","og_site_name":"Cannabinno","article_publisher":"https:\/\/www.facebook.com\/cannabinno\/","article_modified_time":"2020-07-15T08:58:29+00:00","og_image":[{"width":2100,"height":1400,"url":"https:\/\/www.cannabinno.swiss\/wp-content\/uploads\/2021\/09\/trimmer-midi-5.jpg","type":"image\/jpeg"}],"twitter_card":"summary_large_image","twitter_misc":{"Est. reading time":"3 minutes"},"schema":{"@context":"https:\/\/schema.org","@graph":[{"@type":"WebPage","@id":"https:\/\/www.cannabinno.swiss\/en\/blog\/","url":"https:\/\/www.cannabinno.swiss\/en\/blog\/","name":"Cannabinno - H\u00f6chste Qualit\u00e4t beim CBD Trimmen.","isPartOf":{"@id":"https:\/\/www.cannabinno.swiss\/en\/#website"},"datePublished":"2020-07-15T08:49:09+00:00","dateModified":"2020-07-15T08:58:29+00:00","description":"Der hochwertige CBD Trimmer f\u00fcr Nass- und Trockenbearbeitung f\u00fcr Cannabisbl\u00fcten ohne Qualit\u00e4tseinbussen - Made in Switzerland","breadcrumb":{"@id":"https:\/\/www.cannabinno.swiss\/en\/blog\/#breadcrumb"},"inLanguage":"en-US","potentialAction":[{"@type":"ReadAction","target":["https:\/\/www.cannabinno.swiss\/en\/blog\/"]}]},{"@type":"BreadcrumbList","@id":"https:\/\/www.cannabinno.swiss\/en\/blog\/#breadcrumb","itemListElement":[{"@type":"ListItem","position":1,"name":"Startseite","item":"https:\/\/www.cannabinno.swiss\/en\/"},{"@type":"ListItem","position":2,"name":"Blog"}]},{"@type":"WebSite","@id":"https:\/\/www.cannabinno.swiss\/en\/#website","url":"https:\/\/www.cannabinno.swiss\/en\/","name":"Cannabinno","description":"The innovative cannabis grafting system from Adec-Solutions - Highest quality for the perfect yield - &quot;Made in Switzerland&quot;.","publisher":{"@id":"https:\/\/www.cannabinno.swiss\/en\/#organization"},"potentialAction":[{"@type":"SearchAction","target":{"@type":"EntryPoint","urlTemplate":"https:\/\/www.cannabinno.swiss\/en\/?s={search_term_string}"},"query-input":"required name=search_term_string"}],"inLanguage":"en-US"},{"@type":"Organization","@id":"https:\/\/www.cannabinno.swiss\/en\/#organization","name":"Cannabinno","url":"https:\/\/www.cannabinno.swiss\/en\/","logo":{"@type":"ImageObject","inLanguage":"en-US","@id":"https:\/\/www.cannabinno.swiss\/en\/#\/schema\/logo\/image\/","url":"https:\/\/www.cannabinno.swiss\/wp-content\/uploads\/2019\/03\/logo_cannabinno.svg","contentUrl":"https:\/\/www.cannabinno.swiss\/wp-content\/uploads\/2019\/03\/logo_cannabinno.svg","width":243,"height":93,"caption":"Cannabinno"},"image":{"@id":"https:\/\/www.cannabinno.swiss\/en\/#\/schema\/logo\/image\/"},"sameAs":["https:\/\/www.facebook.com\/cannabinno\/","https:\/\/www.instagram.com\/cannabinno.swiss\/","https:\/\/www.linkedin.com\/showcase\/cannabinno"]}]}},"_links":{"self":[{"href":"https:\/\/www.cannabinno.swiss\/en\/wp-json\/wp\/v2\/pages\/2874"}],"collection":[{"href":"https:\/\/www.cannabinno.swiss\/en\/wp-json\/wp\/v2\/pages"}],"about":[{"href":"https:\/\/www.cannabinno.swiss\/en\/wp-json\/wp\/v2\/types\/page"}],"author":[{"embeddable":true,"href":"https:\/\/www.cannabinno.swiss\/en\/wp-json\/wp\/v2\/users\/1"}],"replies":[{"embeddable":true,"href":"https:\/\/www.cannabinno.swiss\/en\/wp-json\/wp\/v2\/comments?post=2874"}],"version-history":[{"count":0,"href":"https:\/\/www.cannabinno.swiss\/en\/wp-json\/wp\/v2\/pages\/2874\/revisions"}],"wp:attachment":[{"href":"https:\/\/www.cannabinno.swiss\/en\/wp-json\/wp\/v2\/media?parent=2874"}],"curies":[{"name":"wp","href":"https:\/\/api.w.org\/{rel}","templated":true}]}}