{"id":3274,"date":"2020-07-15T10:56:41","date_gmt":"2020-07-15T08:56:41","guid":{"rendered":"https:\/\/www.cannabinno.swiss\/products\/cannabinno-trimmer\/cannabinno-trimmer-mini\/"},"modified":"2022-09-27T16:34:23","modified_gmt":"2022-09-27T14:34:23","slug":"trimmer-mini-grow","status":"publish","type":"page","link":"https:\/\/www.cannabinno.swiss\/en\/products\/trimmer-mini-grow\/","title":{"rendered":"Trimmer Mini GROW"},"content":{"rendered":"<p><div class=\"fusion-fullwidth fullwidth-box fusion-builder-row-1 nonhundred-percent-fullwidth non-hundred-percent-height-scrolling\" style=\"--awb-border-radius-top-left:0px;--awb-border-radius-top-right:0px;--awb-border-radius-bottom-right:0px;--awb-border-radius-bottom-left:0px;\" ><div class=\"fusion-builder-row fusion-row\"><div class=\"fusion-layout-column fusion_builder_column fusion-builder-column-0 fusion_builder_column_1_1 1_1 fusion-one-full fusion-column-first fusion-column-last\" style=\"--awb-bg-size:cover;\"><div class=\"fusion-column-wrapper fusion-column-has-shadow fusion-flex-column-wrapper-legacy\"><div class=\"fusion-text fusion-text-1\"><p><iframe style=\"width: 100%; height: 400px;\" src=\"https:\/\/www.youtube.com\/embed\/0pgPIS_1XDs?rel=0\" frameborder=\"0\" allowfullscreen=\"allowfullscreen\"><\/iframe><\/p>\n<\/div><div class=\"fusion-text fusion-text-2\" style=\"--awb-text-transform:none;\"><h1 style=\"text-align: center;\">cannabinno Trimmer Mini GROW<\/h1>\n<h2 style=\"text-align: center;\">The cannabinno Trimmer Mini is the most reliable cannabis Trimmer in the world<\/h2>\n<\/div><div class=\"fusion-clearfix\"><\/div><\/div><\/div><div class=\"fusion-layout-column fusion_builder_column fusion-builder-column-1 fusion_builder_column_2_3 2_3 fusion-two-third fusion-column-first\" style=\"--awb-bg-size:cover;width:66.666666666667%;width:calc(66.666666666667% - ( ( 4% ) * 0.66666666666667 ) );margin-right: 4%;\"><div class=\"fusion-column-wrapper fusion-column-has-shadow fusion-flex-column-wrapper-legacy\"><div class=\"fusion-slider-sc fusion-flexslider-loading flexslider flexslider-hover-type-zoomin\" data-slideshow_autoplay=\"1\" data-slideshow_smooth_height=\"0\" data-slideshow_speed=\"7000\" style=\"max-width:100%;height:100%;\"><ul class=\"slides\"><li class=\"image\"><span class=\"fusion-image-hover-element hover-type-zoomin\"><img decoding=\"async\" src=\"https:\/\/www.cannabinno.swiss\/wp-content\/uploads\/2022\/06\/Trimmer-Mini-WEB_tb-400x225.webp?_t=1663659255\" alt=\"small cannabis trimmer mini cannabinno\" width=\"400\" height=\"225\" class=\"wp-image-8879\" srcset=\"https:\/\/www.cannabinno.swiss\/wp-content\/uploads\/2022\/06\/Trimmer-Mini-WEB_tb-200x113.webp 200w, https:\/\/www.cannabinno.swiss\/wp-content\/uploads\/2022\/06\/Trimmer-Mini-WEB_tb-300x169.webp 300w, https:\/\/www.cannabinno.swiss\/wp-content\/uploads\/2022\/06\/Trimmer-Mini-WEB_tb-400x225.webp 400w, https:\/\/www.cannabinno.swiss\/wp-content\/uploads\/2022\/06\/Trimmer-Mini-WEB_tb-600x338.webp 600w, https:\/\/www.cannabinno.swiss\/wp-content\/uploads\/2022\/06\/Trimmer-Mini-WEB_tb-768x432.webp 768w, https:\/\/www.cannabinno.swiss\/wp-content\/uploads\/2022\/06\/Trimmer-Mini-WEB_tb-800x450.webp 800w, https:\/\/www.cannabinno.swiss\/wp-content\/uploads\/2022\/06\/Trimmer-Mini-WEB_tb-1024x576.webp 1024w, https:\/\/www.cannabinno.swiss\/wp-content\/uploads\/2022\/06\/Trimmer-Mini-WEB_tb-1200x675.webp 1200w, https:\/\/www.cannabinno.swiss\/wp-content\/uploads\/2022\/06\/Trimmer-Mini-WEB_tb-1536x864.webp 1536w, https:\/\/www.cannabinno.swiss\/wp-content\/uploads\/2022\/06\/Trimmer-Mini-WEB_tb.webp 1920w\" sizes=\"(max-width: 800px) 100vw, 800px\" \/><\/span><\/li><li class=\"image\"><span class=\"fusion-image-hover-element hover-type-zoomin\"><img decoding=\"async\" src=\"https:\/\/www.cannabinno.swiss\/wp-content\/uploads\/2021\/09\/trimmer-mini-5-400x225.jpg?_t=1663659279\" alt=\"trimmer mini\" width=\"400\" height=\"225\" class=\"wp-image-6092\" srcset=\"https:\/\/www.cannabinno.swiss\/wp-content\/uploads\/2021\/09\/trimmer-mini-5-200x113.jpg 200w, https:\/\/www.cannabinno.swiss\/wp-content\/uploads\/2021\/09\/trimmer-mini-5-400x225.jpg 400w, https:\/\/www.cannabinno.swiss\/wp-content\/uploads\/2021\/09\/trimmer-mini-5-600x338.jpg 600w, https:\/\/www.cannabinno.swiss\/wp-content\/uploads\/2021\/09\/trimmer-mini-5-800x450.jpg 800w, https:\/\/www.cannabinno.swiss\/wp-content\/uploads\/2021\/09\/trimmer-mini-5-1200x675.jpg 1200w, https:\/\/www.cannabinno.swiss\/wp-content\/uploads\/2021\/09\/trimmer-mini-5.jpg 1920w\" sizes=\"(max-width: 800px) 100vw, 800px\" \/><\/span><\/li><li class=\"image\"><span class=\"fusion-image-hover-element hover-type-zoomin\"><img decoding=\"async\" src=\"https:\/\/www.cannabinno.swiss\/wp-content\/uploads\/2021\/09\/trimmer-mini-3-400x225.jpg?_t=1663659289\" alt=\"trimmer mini\" width=\"400\" height=\"225\" class=\"wp-image-6082\" srcset=\"https:\/\/www.cannabinno.swiss\/wp-content\/uploads\/2021\/09\/trimmer-mini-3-200x113.jpg 200w, https:\/\/www.cannabinno.swiss\/wp-content\/uploads\/2021\/09\/trimmer-mini-3-400x225.jpg 400w, https:\/\/www.cannabinno.swiss\/wp-content\/uploads\/2021\/09\/trimmer-mini-3-600x338.jpg 600w, https:\/\/www.cannabinno.swiss\/wp-content\/uploads\/2021\/09\/trimmer-mini-3-800x450.jpg 800w, https:\/\/www.cannabinno.swiss\/wp-content\/uploads\/2021\/09\/trimmer-mini-3-1200x675.jpg 1200w, https:\/\/www.cannabinno.swiss\/wp-content\/uploads\/2021\/09\/trimmer-mini-3.jpg 1920w\" sizes=\"(max-width: 800px) 100vw, 800px\" \/><\/span><\/li><li class=\"image\"><span class=\"fusion-image-hover-element hover-type-zoomin\"><img decoding=\"async\" src=\"https:\/\/www.cannabinno.swiss\/wp-content\/uploads\/2021\/09\/trimmer-mini-4-400x225.jpg?_t=1663659300\" alt=\"trimmer mini\" width=\"400\" height=\"225\" class=\"wp-image-6087\" srcset=\"https:\/\/www.cannabinno.swiss\/wp-content\/uploads\/2021\/09\/trimmer-mini-4-200x113.jpg 200w, https:\/\/www.cannabinno.swiss\/wp-content\/uploads\/2021\/09\/trimmer-mini-4-400x225.jpg 400w, https:\/\/www.cannabinno.swiss\/wp-content\/uploads\/2021\/09\/trimmer-mini-4-600x338.jpg 600w, https:\/\/www.cannabinno.swiss\/wp-content\/uploads\/2021\/09\/trimmer-mini-4-800x450.jpg 800w, https:\/\/www.cannabinno.swiss\/wp-content\/uploads\/2021\/09\/trimmer-mini-4-1200x675.jpg 1200w, https:\/\/www.cannabinno.swiss\/wp-content\/uploads\/2021\/09\/trimmer-mini-4.jpg 1920w\" sizes=\"(max-width: 800px) 100vw, 800px\" \/><\/span><\/li><li class=\"image\"><span class=\"fusion-image-hover-element hover-type-zoomin\"><img decoding=\"async\" src=\"https:\/\/www.cannabinno.swiss\/wp-content\/uploads\/2021\/09\/trimmer-mini-1-400x225.jpg?_t=1663659315\" alt=\"trimmer mini\" width=\"400\" height=\"225\" class=\"wp-image-6072\" srcset=\"https:\/\/www.cannabinno.swiss\/wp-content\/uploads\/2021\/09\/trimmer-mini-1-200x113.jpg 200w, https:\/\/www.cannabinno.swiss\/wp-content\/uploads\/2021\/09\/trimmer-mini-1-400x225.jpg 400w, https:\/\/www.cannabinno.swiss\/wp-content\/uploads\/2021\/09\/trimmer-mini-1-600x338.jpg 600w, https:\/\/www.cannabinno.swiss\/wp-content\/uploads\/2021\/09\/trimmer-mini-1-800x450.jpg 800w, https:\/\/www.cannabinno.swiss\/wp-content\/uploads\/2021\/09\/trimmer-mini-1-1200x675.jpg 1200w, https:\/\/www.cannabinno.swiss\/wp-content\/uploads\/2021\/09\/trimmer-mini-1.jpg 1920w\" sizes=\"(max-width: 800px) 100vw, 800px\" \/><\/span><\/li><li class=\"image\"><span class=\"fusion-image-hover-element hover-type-zoomin\"><img decoding=\"async\" src=\"https:\/\/www.cannabinno.swiss\/wp-content\/uploads\/2021\/09\/trimmer-mini-2-400x225.jpg?_t=1663659326\" alt=\"trimmer mini\" width=\"400\" height=\"225\" class=\"wp-image-6077\" srcset=\"https:\/\/www.cannabinno.swiss\/wp-content\/uploads\/2021\/09\/trimmer-mini-2-200x113.jpg 200w, https:\/\/www.cannabinno.swiss\/wp-content\/uploads\/2021\/09\/trimmer-mini-2-400x225.jpg 400w, https:\/\/www.cannabinno.swiss\/wp-content\/uploads\/2021\/09\/trimmer-mini-2-600x338.jpg 600w, https:\/\/www.cannabinno.swiss\/wp-content\/uploads\/2021\/09\/trimmer-mini-2-800x450.jpg 800w, https:\/\/www.cannabinno.swiss\/wp-content\/uploads\/2021\/09\/trimmer-mini-2-1200x675.jpg 1200w, https:\/\/www.cannabinno.swiss\/wp-content\/uploads\/2021\/09\/trimmer-mini-2.jpg 1920w\" sizes=\"(max-width: 800px) 100vw, 800px\" \/><\/span><\/li><\/ul><\/div><div class=\"fusion-clearfix\"><\/div><\/div><\/div><div class=\"fusion-layout-column fusion_builder_column fusion-builder-column-2 fusion_builder_column_1_3 1_3 fusion-one-third fusion-column-last\" style=\"--awb-bg-size:cover;width:33.333333333333%;width:calc(33.333333333333% - ( ( 4% ) * 0.33333333333333 ) );\"><div class=\"fusion-column-wrapper fusion-column-has-shadow fusion-flex-column-wrapper-legacy\"><div class=\"fusion-text fusion-text-3\" style=\"--awb-text-transform:none;\"><h3>Technical specifications<\/h3>\n<dl style=\"font-size: 0.9rem;\">\n<dt>Dimensions<\/dt>\n<dd>W 30 cm x L 63 cm x H 33 cm<\/dd>\n<dt>Weight<\/dt>\n<dd>18 kg<\/dd>\n<dt>Flower drum<\/dt>\n<dd>\u00d8125mm<\/dd>\n<dt>Throughput<\/dt>\n<dd>wet: 6 kg \/ hr<br \/>\ndry: 2 kg \/ hr<\/dd>\n<dt>Power supply<\/dt>\n<dd>230V\/13AT (Suction: 230V \/ 13AT)<\/dd>\n<dt>Recommended extraction rate<\/dt>\n<dd>2 kW<\/dd>\n<dt>Certification<\/dt>\n<dd>CE-certified according to \u00a0machine guidelines<\/dd>\n<\/dl>\n<\/div><div class=\"fusion-alignleft\"><a class=\"fusion-button button-flat button-large button-custom fusion-button-default button-1 fusion-button-default-span fusion-button-default-type\" style=\"--button_accent_color:var(--awb-color1);--button_border_color:var(--awb-color1);--button_accent_hover_color:var(--awb-color5);--button_border_hover_color:var(--awb-color5);--button_border_width-top:0px;--button_border_width-right:0px;--button_border_width-bottom:0px;--button_border_width-left:10px;--button_gradient_top_color:rgba(106,171,51,0);--button_gradient_bottom_color:rgba(106,171,51,0);--button_gradient_top_color_hover:rgba(123,124,126,0);--button_gradient_bottom_color_hover:rgba(123,124,126,0);--button_typography-font-family:&quot;Merriweather Sans&quot;;--button_typography-font-style:normal;--button_typography-font-weight:800;\" target=\"_blank\" rel=\"noopener noreferrer\" href=\"https:\/\/workdrive.adec-solutions.ch\/file\/5v5u81b848f6a8a3a447eb53cbe79688cdb05\"><span class=\"fusion-button-icon-divider button-icon-divider-left\"><i class=\"fa-file-pdf far\" aria-hidden=\"true\"><\/i><\/span><span class=\"fusion-button-text fusion-button-text-left\">Download Data Sheet<\/span><\/a><\/div><div class=\"fusion-sep-clear\"><\/div><div class=\"fusion-separator fusion-full-width-sep\" style=\"margin-left: auto;margin-right: auto;margin-top:20px;width:100%;\"><\/div><div class=\"fusion-sep-clear\"><\/div><div class=\"fusion-align-block\"><a class=\"fusion-button button-flat button-medium button-default fusion-button-default button-2 fusion-button-span-yes fusion-button-default-type\" style=\"--button_text_transform:uppercase;\" target=\"_self\" href=\"https:\/\/www.cannabinno.swiss\/en\/contact\/\"><span class=\"fusion-button-text\">Request a quote<\/span><\/a><\/div><div class=\"fusion-clearfix\"><\/div><\/div><\/div><div class=\"fusion-layout-column fusion_builder_column fusion-builder-column-3 fusion_builder_column_1_1 1_1 fusion-one-full fusion-column-first fusion-column-last\" style=\"--awb-bg-size:cover;\"><div class=\"fusion-column-wrapper fusion-column-has-shadow fusion-flex-column-wrapper-legacy\"><div class=\"fusion-text fusion-text-4 verstecken\" style=\"--awb-text-transform:none;\"><h3>The smallest trimmer in the cannabinno family.<\/h3>\n<p>The Trimmer Mini is one of the most reliable cannabis trimmers in the world and always guarantees the best result even with smaller harvests.<\/p>\n<p>Like its big brother, the Hemp Trimmer Mini requires no cool-down phases and can be completely assembled and disassembled for cleaning without any tools.<\/p>\n<p>You save manpower, gain time and thanks to the use of high quality technology, get refined buds that look like they were processed by hand.<\/p>\n<\/div><div class=\"fusion-text fusion-text-5\" style=\"--awb-text-transform:none;\"><h3>Features<\/h3>\n<ul>\n<li>All product touching parts made by chrome steel<\/li>\n<li>Fastest cleaning due to tool-free disassembly<\/li>\n<li>3 interchangeable drum types (4 \/ 7 \/ 9 mm hole size for wet and dry processing)<\/li>\n<li>Delivery includes extraction system<\/li>\n<li>Optional: noise reduction kit<\/li>\n<li>Optional: base frame<\/li>\n<li>Solid construction<\/li>\n<li>2 years warranty<\/li>\n<li>Swiss Made<\/li>\n<\/ul>\n<\/div><div class=\"fusion-clearfix\"><\/div><\/div><\/div><\/div><\/div><div class=\"fusion-fullwidth fullwidth-box fusion-builder-row-2 auszeichnung-gruen nonhundred-percent-fullwidth non-hundred-percent-height-scrolling\" style=\"--awb-border-radius-top-left:0px;--awb-border-radius-top-right:0px;--awb-border-radius-bottom-right:0px;--awb-border-radius-bottom-left:0px;--awb-margin-bottom:-30px;--awb-background-color:#6aab33;\" ><div class=\"fusion-builder-row fusion-row\"><div class=\"fusion-layout-column fusion_builder_column fusion-builder-column-4 fusion_builder_column_1_3 1_3 fusion-one-third fusion-column-first\" style=\"--awb-bg-size:cover;width:33.333333333333%;width:calc(33.333333333333% - ( ( 4% + 4% ) * 0.33333333333333 ) );margin-right: 4%;\"><div class=\"fusion-column-wrapper fusion-column-has-shadow fusion-flex-column-wrapper-legacy\"><div class=\"fusion-text fusion-text-6\" style=\"--awb-text-transform:none;\"><h1>cannabinno Trimmer Mixi<\/h1>\n<p>This ideal trimmer for large-scale processing is fitted with eight blades made from specially hardened blade steel and a larger drum. For more throughput and even higher quality.<\/p>\n<p><strong><a href=\"https:\/\/www.cannabinno.swiss\/en\/products\/trimmer-maxi\/\">More information<\/a><\/strong><\/p>\n<\/div><div class=\"fusion-clearfix\"><\/div><\/div><\/div><div class=\"fusion-layout-column fusion_builder_column fusion-builder-column-5 fusion_builder_column_1_3 1_3 fusion-one-third\" style=\"--awb-bg-size:cover;width:33.333333333333%;width:calc(33.333333333333% - ( ( 4% + 4% ) * 0.33333333333333 ) );margin-right: 4%;\"><div class=\"fusion-column-wrapper fusion-column-has-shadow fusion-flex-column-wrapper-legacy\"><div class=\"fusion-text fusion-text-7\" style=\"--awb-text-transform:none;\"><h1>cannabinno Trimmer Mixi<\/h1>\n<p>This ideal trimmer for large-scale processing is fitted with four blades made from specially hardened blade steel and a larger drum. For more throughput and even higher quality.<\/p>\n<p><strong><a href=\"https:\/\/www.cannabinno.swiss\/en\/products\/trimmer-mixi\/\">More information<\/a><\/strong><\/p>\n<\/div><div class=\"fusion-clearfix\"><\/div><\/div><\/div><div class=\"fusion-layout-column fusion_builder_column fusion-builder-column-6 fusion_builder_column_1_3 1_3 fusion-one-third fusion-column-last\" style=\"--awb-bg-size:cover;width:33.333333333333%;width:calc(33.333333333333% - ( ( 4% + 4% ) * 0.33333333333333 ) );\"><div class=\"fusion-column-wrapper fusion-column-has-shadow fusion-flex-column-wrapper-legacy\"><div class=\"fusion-text fusion-text-8\" style=\"--awb-text-transform:none;\"><h1>cannabinno Trimmer Midi Grow<\/h1>\n<p>The classic for maximum-performance, constant throughput and reliable operation.<\/p>\n<p><strong><a href=\"https:\/\/www.cannabinno.swiss\/en\/products\/trimmer-midi-grow\/\">More information<\/a><\/strong><\/p>\n<\/div><div class=\"fusion-clearfix\"><\/div><\/div><\/div><\/div><\/div><\/p>\n","protected":false},"excerpt":{"rendered":"","protected":false},"author":2,"featured_media":0,"parent":2803,"menu_order":30,"comment_status":"closed","ping_status":"closed","template":"100-width.php","meta":{"inline_featured_image":false},"yoast_head":"<!-- This site is optimized with the Yoast SEO Premium plugin v20.7 (Yoast SEO v21.8.1) - https:\/\/yoast.com\/wordpress\/plugins\/seo\/ -->\n<title>Cannabinno Trimmer Mini GROW - Highest quality trimming<\/title>\n<meta name=\"description\" content=\"The CBD Trimmer Mini Grow is one of the most reliable Cannabis trimmers in the world. Always the best result, even with smaller harvests.\" \/>\n<meta name=\"robots\" content=\"index, follow, max-snippet:-1, max-image-preview:large, max-video-preview:-1\" \/>\n<link rel=\"canonical\" href=\"https:\/\/www.cannabinno.swiss\/en\/products\/trimmer-mini-grow\/\" \/>\n<meta property=\"og:locale\" content=\"en_US\" \/>\n<meta property=\"og:type\" content=\"article\" \/>\n<meta property=\"og:title\" content=\"cannabinno trimmer mini: small and packs a punch\" \/>\n<meta property=\"og:description\" content=\"This reliable cannabis trimmer, made in Switzerland, doesn\u2019t take up much room on a table and is suitable for dry and wet flowers.\" \/>\n<meta property=\"og:url\" content=\"https:\/\/www.cannabinno.swiss\/en\/products\/trimmer-mini-grow\/\" \/>\n<meta property=\"og:site_name\" content=\"Cannabinno\" \/>\n<meta property=\"article:publisher\" content=\"https:\/\/www.facebook.com\/cannabinno\/\" \/>\n<meta property=\"article:modified_time\" content=\"2022-09-27T14:34:23+00:00\" \/>\n<meta property=\"og:image\" content=\"https:\/\/www.cannabinno.swiss\/wp-content\/uploads\/2020\/05\/trimmer_mini_1200_630px.jpg\" \/>\n<meta name=\"twitter:card\" content=\"summary_large_image\" \/>\n<meta name=\"twitter:title\" content=\"Cannabinno - H\u00f6chste Qualit\u00e4t beim CBD Trimmen.\" \/>\n<meta name=\"twitter:description\" content=\"Der hochwertige CBD Trimmer f\u00fcr Nass- und Trockenbearbeitung f\u00fcr Cannabisbl\u00fcten ohne Qualit\u00e4tseinbussen - Made in Switzerland\" \/>\n<meta name=\"twitter:label1\" content=\"Est. reading time\" \/>\n\t<meta name=\"twitter:data1\" content=\"6 minutes\" \/>\n<script type=\"application\/ld+json\" class=\"yoast-schema-graph\">{\"@context\":\"https:\/\/schema.org\",\"@graph\":[{\"@type\":\"WebPage\",\"@id\":\"https:\/\/www.cannabinno.swiss\/en\/products\/trimmer-mini-grow\/\",\"url\":\"https:\/\/www.cannabinno.swiss\/en\/products\/trimmer-mini-grow\/\",\"name\":\"Cannabinno Trimmer Mini GROW - Highest quality trimming\",\"isPartOf\":{\"@id\":\"https:\/\/www.cannabinno.swiss\/en\/#website\"},\"datePublished\":\"2020-07-15T08:56:41+00:00\",\"dateModified\":\"2022-09-27T14:34:23+00:00\",\"description\":\"The CBD Trimmer Mini Grow is one of the most reliable Cannabis trimmers in the world. Always the best result, even with smaller harvests.\",\"breadcrumb\":{\"@id\":\"https:\/\/www.cannabinno.swiss\/en\/products\/trimmer-mini-grow\/#breadcrumb\"},\"inLanguage\":\"en-US\",\"potentialAction\":[{\"@type\":\"ReadAction\",\"target\":[\"https:\/\/www.cannabinno.swiss\/en\/products\/trimmer-mini-grow\/\"]}]},{\"@type\":\"BreadcrumbList\",\"@id\":\"https:\/\/www.cannabinno.swiss\/en\/products\/trimmer-mini-grow\/#breadcrumb\",\"itemListElement\":[{\"@type\":\"ListItem\",\"position\":1,\"name\":\"Startseite\",\"item\":\"https:\/\/www.cannabinno.swiss\/en\/\"},{\"@type\":\"ListItem\",\"position\":2,\"name\":\"Products\",\"item\":\"https:\/\/www.cannabinno.swiss\/en\/products\/\"},{\"@type\":\"ListItem\",\"position\":3,\"name\":\"Trimmer Mini GROW\"}]},{\"@type\":\"WebSite\",\"@id\":\"https:\/\/www.cannabinno.swiss\/en\/#website\",\"url\":\"https:\/\/www.cannabinno.swiss\/en\/\",\"name\":\"Cannabinno\",\"description\":\"The innovative cannabis grafting system from Adec-Solutions - Highest quality for the perfect yield - &quot;Made in Switzerland&quot;.\",\"publisher\":{\"@id\":\"https:\/\/www.cannabinno.swiss\/en\/#organization\"},\"potentialAction\":[{\"@type\":\"SearchAction\",\"target\":{\"@type\":\"EntryPoint\",\"urlTemplate\":\"https:\/\/www.cannabinno.swiss\/en\/?s={search_term_string}\"},\"query-input\":\"required name=search_term_string\"}],\"inLanguage\":\"en-US\"},{\"@type\":\"Organization\",\"@id\":\"https:\/\/www.cannabinno.swiss\/en\/#organization\",\"name\":\"Cannabinno\",\"url\":\"https:\/\/www.cannabinno.swiss\/en\/\",\"logo\":{\"@type\":\"ImageObject\",\"inLanguage\":\"en-US\",\"@id\":\"https:\/\/www.cannabinno.swiss\/en\/#\/schema\/logo\/image\/\",\"url\":\"https:\/\/www.cannabinno.swiss\/wp-content\/uploads\/2019\/03\/logo_cannabinno.svg\",\"contentUrl\":\"https:\/\/www.cannabinno.swiss\/wp-content\/uploads\/2019\/03\/logo_cannabinno.svg\",\"width\":243,\"height\":93,\"caption\":\"Cannabinno\"},\"image\":{\"@id\":\"https:\/\/www.cannabinno.swiss\/en\/#\/schema\/logo\/image\/\"},\"sameAs\":[\"https:\/\/www.facebook.com\/cannabinno\/\",\"https:\/\/www.instagram.com\/cannabinno.swiss\/\",\"https:\/\/www.linkedin.com\/showcase\/cannabinno\"]}]}<\/script>\n<!-- \/ Yoast SEO Premium plugin. -->","yoast_head_json":{"title":"Cannabinno Trimmer Mini GROW - Highest quality trimming","description":"The CBD Trimmer Mini Grow is one of the most reliable Cannabis trimmers in the world. Always the best result, even with smaller harvests.","robots":{"index":"index","follow":"follow","max-snippet":"max-snippet:-1","max-image-preview":"max-image-preview:large","max-video-preview":"max-video-preview:-1"},"canonical":"https:\/\/www.cannabinno.swiss\/en\/products\/trimmer-mini-grow\/","og_locale":"en_US","og_type":"article","og_title":"cannabinno trimmer mini: small and packs a punch","og_description":"This reliable cannabis trimmer, made in Switzerland, doesn\u2019t take up much room on a table and is suitable for dry and wet flowers.","og_url":"https:\/\/www.cannabinno.swiss\/en\/products\/trimmer-mini-grow\/","og_site_name":"Cannabinno","article_publisher":"https:\/\/www.facebook.com\/cannabinno\/","article_modified_time":"2022-09-27T14:34:23+00:00","og_image":[{"url":"https:\/\/www.cannabinno.swiss\/wp-content\/uploads\/2020\/05\/trimmer_mini_1200_630px.jpg"}],"twitter_card":"summary_large_image","twitter_title":"Cannabinno - H\u00f6chste Qualit\u00e4t beim CBD Trimmen.","twitter_description":"Der hochwertige CBD Trimmer f\u00fcr Nass- und Trockenbearbeitung f\u00fcr Cannabisbl\u00fcten ohne Qualit\u00e4tseinbussen - Made in Switzerland","twitter_misc":{"Est. reading time":"6 minutes"},"schema":{"@context":"https:\/\/schema.org","@graph":[{"@type":"WebPage","@id":"https:\/\/www.cannabinno.swiss\/en\/products\/trimmer-mini-grow\/","url":"https:\/\/www.cannabinno.swiss\/en\/products\/trimmer-mini-grow\/","name":"Cannabinno Trimmer Mini GROW - Highest quality trimming","isPartOf":{"@id":"https:\/\/www.cannabinno.swiss\/en\/#website"},"datePublished":"2020-07-15T08:56:41+00:00","dateModified":"2022-09-27T14:34:23+00:00","description":"The CBD Trimmer Mini Grow is one of the most reliable Cannabis trimmers in the world. Always the best result, even with smaller harvests.","breadcrumb":{"@id":"https:\/\/www.cannabinno.swiss\/en\/products\/trimmer-mini-grow\/#breadcrumb"},"inLanguage":"en-US","potentialAction":[{"@type":"ReadAction","target":["https:\/\/www.cannabinno.swiss\/en\/products\/trimmer-mini-grow\/"]}]},{"@type":"BreadcrumbList","@id":"https:\/\/www.cannabinno.swiss\/en\/products\/trimmer-mini-grow\/#breadcrumb","itemListElement":[{"@type":"ListItem","position":1,"name":"Startseite","item":"https:\/\/www.cannabinno.swiss\/en\/"},{"@type":"ListItem","position":2,"name":"Products","item":"https:\/\/www.cannabinno.swiss\/en\/products\/"},{"@type":"ListItem","position":3,"name":"Trimmer Mini GROW"}]},{"@type":"WebSite","@id":"https:\/\/www.cannabinno.swiss\/en\/#website","url":"https:\/\/www.cannabinno.swiss\/en\/","name":"Cannabinno","description":"The innovative cannabis grafting system from Adec-Solutions - Highest quality for the perfect yield - &quot;Made in Switzerland&quot;.","publisher":{"@id":"https:\/\/www.cannabinno.swiss\/en\/#organization"},"potentialAction":[{"@type":"SearchAction","target":{"@type":"EntryPoint","urlTemplate":"https:\/\/www.cannabinno.swiss\/en\/?s={search_term_string}"},"query-input":"required name=search_term_string"}],"inLanguage":"en-US"},{"@type":"Organization","@id":"https:\/\/www.cannabinno.swiss\/en\/#organization","name":"Cannabinno","url":"https:\/\/www.cannabinno.swiss\/en\/","logo":{"@type":"ImageObject","inLanguage":"en-US","@id":"https:\/\/www.cannabinno.swiss\/en\/#\/schema\/logo\/image\/","url":"https:\/\/www.cannabinno.swiss\/wp-content\/uploads\/2019\/03\/logo_cannabinno.svg","contentUrl":"https:\/\/www.cannabinno.swiss\/wp-content\/uploads\/2019\/03\/logo_cannabinno.svg","width":243,"height":93,"caption":"Cannabinno"},"image":{"@id":"https:\/\/www.cannabinno.swiss\/en\/#\/schema\/logo\/image\/"},"sameAs":["https:\/\/www.facebook.com\/cannabinno\/","https:\/\/www.instagram.com\/cannabinno.swiss\/","https:\/\/www.linkedin.com\/showcase\/cannabinno"]}]}},"_links":{"self":[{"href":"https:\/\/www.cannabinno.swiss\/en\/wp-json\/wp\/v2\/pages\/3274"}],"collection":[{"href":"https:\/\/www.cannabinno.swiss\/en\/wp-json\/wp\/v2\/pages"}],"about":[{"href":"https:\/\/www.cannabinno.swiss\/en\/wp-json\/wp\/v2\/types\/page"}],"author":[{"embeddable":true,"href":"https:\/\/www.cannabinno.swiss\/en\/wp-json\/wp\/v2\/users\/2"}],"replies":[{"embeddable":true,"href":"https:\/\/www.cannabinno.swiss\/en\/wp-json\/wp\/v2\/comments?post=3274"}],"version-history":[{"count":10,"href":"https:\/\/www.cannabinno.swiss\/en\/wp-json\/wp\/v2\/pages\/3274\/revisions"}],"predecessor-version":[{"id":9502,"href":"https:\/\/www.cannabinno.swiss\/en\/wp-json\/wp\/v2\/pages\/3274\/revisions\/9502"}],"up":[{"embeddable":true,"href":"https:\/\/www.cannabinno.swiss\/en\/wp-json\/wp\/v2\/pages\/2803"}],"wp:attachment":[{"href":"https:\/\/www.cannabinno.swiss\/en\/wp-json\/wp\/v2\/media?parent=3274"}],"curies":[{"name":"wp","href":"https:\/\/api.w.org\/{rel}","templated":true}]}}