{"id":3687,"date":"2020-07-15T11:03:44","date_gmt":"2020-07-15T09:03:44","guid":{"rendered":"https:\/\/www.cannabinno.swiss\/products\/cannabinno-trimmer\/cannabinno-feeder-maxi\/"},"modified":"2021-09-29T14:07:35","modified_gmt":"2021-09-29T12:07:35","slug":"trimmer-maxi","status":"publish","type":"page","link":"https:\/\/www.cannabinno.swiss\/en\/products\/trimmer-maxi\/","title":{"rendered":"Trimmer Maxi"},"content":{"rendered":"<p><div class=\"fusion-fullwidth fullwidth-box fusion-builder-row-1 nonhundred-percent-fullwidth non-hundred-percent-height-scrolling\" style=\"--awb-border-radius-top-left:0px;--awb-border-radius-top-right:0px;--awb-border-radius-bottom-right:0px;--awb-border-radius-bottom-left:0px;\" ><div class=\"fusion-builder-row fusion-row\"><div class=\"fusion-layout-column fusion_builder_column fusion-builder-column-0 fusion_builder_column_1_1 1_1 fusion-one-full fusion-column-first fusion-column-last\" style=\"--awb-bg-size:cover;\"><div class=\"fusion-column-wrapper fusion-column-has-shadow fusion-flex-column-wrapper-legacy\"><div class=\"fusion-text fusion-text-1\"><h1>cannabinno Trimmer Maxi<\/h1>\n<h6>Industrial processing made easy<\/h6>\n<\/div><div class=\"fusion-clearfix\"><\/div><\/div><\/div><div class=\"fusion-layout-column fusion_builder_column fusion-builder-column-1 fusion_builder_column_2_3 2_3 fusion-two-third fusion-column-first\" style=\"--awb-bg-size:cover;width:66.666666666667%;width:calc(66.666666666667% - ( ( 4% ) * 0.66666666666667 ) );margin-right: 4%;\"><div class=\"fusion-column-wrapper fusion-column-has-shadow fusion-flex-column-wrapper-legacy\"><div class=\"fusion-slider-sc fusion-flexslider-loading flexslider flexslider-hover-type-zoomin\" data-slideshow_autoplay=\"1\" data-slideshow_smooth_height=\"0\" data-slideshow_speed=\"7000\" style=\"max-width:100%;height:100%;\"><ul class=\"slides\"><li class=\"image\"><span class=\"fusion-image-hover-element hover-type-zoomin\"><img decoding=\"async\" src=\"https:\/\/www.cannabinno.swiss\/wp-content\/uploads\/2020\/05\/trimmer_maxi_front.jpg\" width=\"1920\" height=\"1080\" class=\"wp-image-2469\" srcset=\"https:\/\/www.cannabinno.swiss\/wp-content\/uploads\/2020\/05\/trimmer_maxi_front-200x113.jpg 200w, https:\/\/www.cannabinno.swiss\/wp-content\/uploads\/2020\/05\/trimmer_maxi_front-400x225.jpg 400w, https:\/\/www.cannabinno.swiss\/wp-content\/uploads\/2020\/05\/trimmer_maxi_front-600x338.jpg 600w, https:\/\/www.cannabinno.swiss\/wp-content\/uploads\/2020\/05\/trimmer_maxi_front-800x450.jpg 800w, https:\/\/www.cannabinno.swiss\/wp-content\/uploads\/2020\/05\/trimmer_maxi_front-1200x675.jpg 1200w, https:\/\/www.cannabinno.swiss\/wp-content\/uploads\/2020\/05\/trimmer_maxi_front.jpg 1920w\" sizes=\"(max-width: 800px) 100vw, 800px\" \/><\/span><\/li><li class=\"image\"><span class=\"fusion-image-hover-element hover-type-zoomin\"><img decoding=\"async\" src=\"https:\/\/www.cannabinno.swiss\/wp-content\/uploads\/2021\/09\/trimmer-maxi-3.jpg\" alt=\"trimmer maxi\" width=\"1920\" height=\"1080\" class=\"wp-image-6185\" srcset=\"https:\/\/www.cannabinno.swiss\/wp-content\/uploads\/2021\/09\/trimmer-maxi-3-200x113.jpg 200w, https:\/\/www.cannabinno.swiss\/wp-content\/uploads\/2021\/09\/trimmer-maxi-3-400x225.jpg 400w, https:\/\/www.cannabinno.swiss\/wp-content\/uploads\/2021\/09\/trimmer-maxi-3-600x338.jpg 600w, https:\/\/www.cannabinno.swiss\/wp-content\/uploads\/2021\/09\/trimmer-maxi-3-800x450.jpg 800w, https:\/\/www.cannabinno.swiss\/wp-content\/uploads\/2021\/09\/trimmer-maxi-3-1200x675.jpg 1200w, https:\/\/www.cannabinno.swiss\/wp-content\/uploads\/2021\/09\/trimmer-maxi-3.jpg 1920w\" sizes=\"(max-width: 800px) 100vw, 800px\" \/><\/span><\/li><li class=\"image\"><span class=\"fusion-image-hover-element hover-type-zoomin\"><img decoding=\"async\" src=\"https:\/\/www.cannabinno.swiss\/wp-content\/uploads\/2021\/09\/trimmer-maxi-1.jpg\" alt=\"trimmer maxi\" width=\"1920\" height=\"1080\" class=\"wp-image-6175\" srcset=\"https:\/\/www.cannabinno.swiss\/wp-content\/uploads\/2021\/09\/trimmer-maxi-1-200x113.jpg 200w, https:\/\/www.cannabinno.swiss\/wp-content\/uploads\/2021\/09\/trimmer-maxi-1-400x225.jpg 400w, https:\/\/www.cannabinno.swiss\/wp-content\/uploads\/2021\/09\/trimmer-maxi-1-600x338.jpg 600w, https:\/\/www.cannabinno.swiss\/wp-content\/uploads\/2021\/09\/trimmer-maxi-1-800x450.jpg 800w, https:\/\/www.cannabinno.swiss\/wp-content\/uploads\/2021\/09\/trimmer-maxi-1-1200x675.jpg 1200w, https:\/\/www.cannabinno.swiss\/wp-content\/uploads\/2021\/09\/trimmer-maxi-1.jpg 1920w\" sizes=\"(max-width: 800px) 100vw, 800px\" \/><\/span><\/li><li class=\"image\"><span class=\"fusion-image-hover-element hover-type-zoomin\"><img decoding=\"async\" src=\"https:\/\/www.cannabinno.swiss\/wp-content\/uploads\/2021\/09\/trimmer-maxi-2.jpg\" alt=\"trimmer maxi\" width=\"1920\" height=\"1080\" class=\"wp-image-6180\" srcset=\"https:\/\/www.cannabinno.swiss\/wp-content\/uploads\/2021\/09\/trimmer-maxi-2-200x113.jpg 200w, https:\/\/www.cannabinno.swiss\/wp-content\/uploads\/2021\/09\/trimmer-maxi-2-400x225.jpg 400w, https:\/\/www.cannabinno.swiss\/wp-content\/uploads\/2021\/09\/trimmer-maxi-2-600x338.jpg 600w, https:\/\/www.cannabinno.swiss\/wp-content\/uploads\/2021\/09\/trimmer-maxi-2-800x450.jpg 800w, https:\/\/www.cannabinno.swiss\/wp-content\/uploads\/2021\/09\/trimmer-maxi-2-1200x675.jpg 1200w, https:\/\/www.cannabinno.swiss\/wp-content\/uploads\/2021\/09\/trimmer-maxi-2.jpg 1920w\" sizes=\"(max-width: 800px) 100vw, 800px\" \/><\/span><\/li><\/ul><\/div><div class=\"fusion-clearfix\"><\/div><\/div><\/div><div class=\"fusion-layout-column fusion_builder_column fusion-builder-column-2 fusion_builder_column_1_3 1_3 fusion-one-third fusion-column-last\" style=\"--awb-bg-size:cover;width:33.333333333333%;width:calc(33.333333333333% - ( ( 4% ) * 0.33333333333333 ) );\"><div class=\"fusion-column-wrapper fusion-column-has-shadow fusion-flex-column-wrapper-legacy\"><div class=\"fusion-text fusion-text-2\"><h3>Technical specifications<\/h3>\n<dl style=\"font-size: 0.9rem;\">\n<dt>Dimensions<\/dt>\n<dd>W 91 cm x L 176 cm x H 125.5 cm<\/dd>\n<dt>Weight<\/dt>\n<dd>420 kg<\/dd>\n<dt>Drum screen<\/dt>\n<dd>Diameter: 40 cm<\/dd>\n<dt>Throughput (depending on the continuous goods)<\/dt>\n<dd>wet: from 140 kg \/ hr<br \/>\ndry: from 40 kg \/ hr<\/dd>\n<dt>Cutting knifes<\/dt>\n<dd>8 fixed cutting blades, hardened<\/dd>\n<dt>Trims per minute<\/dt>\n<dd>90,000<\/dd>\n<dt>Power supply<\/dt>\n<dd>400V<\/dd>\n<dt>Cutting knife drive output<\/dt>\n<dd>4 kW<\/dd>\n<dt>Drum screen drive output<\/dt>\n<dd>1 kW<\/dd>\n<dt>Recommended extraction rate<\/dt>\n<dd>5\u20137 kW<\/dd>\n<dt>Certification<\/dt>\n<dd>CE-certified according to \u00a0machine guidelines<\/dd>\n<\/dl>\n<\/div><div class=\"fusion-sep-clear\"><\/div><div class=\"fusion-separator fusion-full-width-sep\" style=\"margin-left: auto;margin-right: auto;margin-top:10px;margin-bottom:10px;width:100%;\"><\/div><div class=\"fusion-sep-clear\"><\/div><div class=\"fusion-align-block\"><a class=\"fusion-button button-flat fusion-button-default-size button-default fusion-button-default button-1 fusion-button-span-yes fusion-button-default-type\" target=\"_self\" href=\"https:\/\/www.cannabinno.swiss\/en\/purchase-a-cannabinno\/purchase-enquiry\/\"><span class=\"fusion-button-text\">Request a quote<\/span><\/a><\/div><div class=\"fusion-clearfix\"><\/div><\/div><\/div><div class=\"fusion-layout-column fusion_builder_column fusion-builder-column-3 fusion_builder_column_1_1 1_1 fusion-one-full fusion-column-first fusion-column-last\" style=\"--awb-bg-size:cover;\"><div class=\"fusion-column-wrapper fusion-column-has-shadow fusion-flex-column-wrapper-legacy\"><div class=\"fusion-text fusion-text-3\"><h3>Features<\/h3>\n<ul>\n<li>three interchangeable drum types (4\/7\/9 mm hole size for dry or wet processing)<\/li>\n<li>stainless, knife-steel blade, hardened<\/li>\n<li>all components in contact with the product are made from stainless steel<\/li>\n<li>easy adjustment of the blade for a precise cut<\/li>\n<li>maintenance-free bearings<\/li>\n<li>modular assembly<\/li>\n<li>straightforward maintenance<\/li>\n<li>two fixed and \u00b4two fixable castors for good mobility<\/li>\n<li>two years warranty (excl. wearing parts)<\/li>\n<\/ul>\n<\/div><div class=\"fusion-clearfix\"><\/div><\/div><\/div><\/div><\/div><div class=\"fusion-fullwidth fullwidth-box fusion-builder-row-2 auszeichnung-gruen nonhundred-percent-fullwidth non-hundred-percent-height-scrolling\" style=\"--awb-border-radius-top-left:0px;--awb-border-radius-top-right:0px;--awb-border-radius-bottom-right:0px;--awb-border-radius-bottom-left:0px;--awb-padding-top:20px;--awb-margin-bottom:-30px;--awb-background-color:#6aab33;\" ><div class=\"fusion-builder-row fusion-row\"><div class=\"fusion-layout-column fusion_builder_column fusion-builder-column-4 fusion_builder_column_1_3 1_3 fusion-one-third fusion-column-first\" style=\"--awb-bg-size:cover;width:33.333333333333%;width:calc(33.333333333333% - ( ( 4% + 4% ) * 0.33333333333333 ) );margin-right: 4%;\"><div class=\"fusion-column-wrapper fusion-column-has-shadow fusion-flex-column-wrapper-legacy\"><div class=\"fusion-text fusion-text-4\"><h1>cannabinno Trimmer Mixi<\/h1>\n<p>This ideal trimmer for large-scale processing is fitted with four blades made from specially hardened blade steel and a larger drum. For more throughput and even higher quality.<\/p>\n<p><strong><a href=\"https:\/\/www.cannabinno.swiss\/en\/products\/trimmer-mixi\/\">More information<\/a><\/strong><\/p>\n<\/div><div class=\"fusion-clearfix\"><\/div><\/div><\/div><div class=\"fusion-layout-column fusion_builder_column fusion-builder-column-5 fusion_builder_column_1_3 1_3 fusion-one-third\" style=\"--awb-bg-size:cover;width:33.333333333333%;width:calc(33.333333333333% - ( ( 4% + 4% ) * 0.33333333333333 ) );margin-right: 4%;\"><div class=\"fusion-column-wrapper fusion-column-has-shadow fusion-flex-column-wrapper-legacy\"><div class=\"fusion-text fusion-text-5\"><h1>cannabinno Trimmer Midi<\/h1>\n<p>The classic for maximum-performance, constant throughput and reliable operation.<\/p>\n<p><strong><a href=\"https:\/\/www.cannabinno.swiss\/en\/products\/trimmer-mixi-2\/\">More information<\/a><\/strong><\/p>\n<\/div><div class=\"fusion-clearfix\"><\/div><\/div><\/div><div class=\"fusion-layout-column fusion_builder_column fusion-builder-column-6 fusion_builder_column_1_3 1_3 fusion-one-third fusion-column-last\" style=\"--awb-bg-size:cover;width:33.333333333333%;width:calc(33.333333333333% - ( ( 4% + 4% ) * 0.33333333333333 ) );\"><div class=\"fusion-column-wrapper fusion-column-has-shadow fusion-flex-column-wrapper-legacy\"><div class=\"fusion-text fusion-text-6\"><h1>cannabinno Trimmer Mini<\/h1>\n<p>This reliable cannabis trimmer, made in Switzerland, doesn\u2019t take up much room on a table and is suitable for dry and wet flowers.<\/p>\n<p><strong><a href=\"https:\/\/www.cannabinno.swiss\/en\/products\/cannabinno-trimmer-mini\/\">More information<\/a><\/strong><\/p>\n<\/div><div class=\"fusion-clearfix\"><\/div><\/div><\/div><\/div><\/div><\/p>\n","protected":false},"excerpt":{"rendered":"","protected":false},"author":2,"featured_media":0,"parent":2803,"menu_order":34,"comment_status":"closed","ping_status":"closed","template":"100-width.php","meta":{"inline_featured_image":false},"yoast_head":"<!-- This site is optimized with the Yoast SEO Premium plugin v20.7 (Yoast SEO v21.8.1) - https:\/\/yoast.com\/wordpress\/plugins\/seo\/ -->\n<title>Cannabinno - H\u00f6chste Qualit\u00e4t beim CBD Trimmen.<\/title>\n<meta name=\"description\" content=\"Der hochwertige CBD Trimmer f\u00fcr Nass- und Trockenbearbeitung f\u00fcr Cannabisbl\u00fcten ohne Qualit\u00e4tseinbussen - Made in Switzerland\" \/>\n<meta name=\"robots\" content=\"index, follow, max-snippet:-1, max-image-preview:large, max-video-preview:-1\" \/>\n<link rel=\"canonical\" href=\"https:\/\/www.cannabinno.swiss\/en\/products\/trimmer-maxi\/\" \/>\n<meta property=\"og:locale\" content=\"en_US\" \/>\n<meta property=\"og:type\" content=\"article\" \/>\n<meta property=\"og:title\" content=\"cannabinno trimmer maxi: industrial processing made easy\" \/>\n<meta property=\"og:description\" content=\"Maximum throughput with maximum quality: a new benchmark in Swiss quality.\" \/>\n<meta property=\"og:url\" content=\"https:\/\/www.cannabinno.swiss\/en\/products\/trimmer-maxi\/\" \/>\n<meta property=\"og:site_name\" content=\"Cannabinno\" \/>\n<meta property=\"article:publisher\" content=\"https:\/\/www.facebook.com\/cannabinno\/\" \/>\n<meta property=\"article:modified_time\" content=\"2021-09-29T12:07:35+00:00\" \/>\n<meta property=\"og:image\" content=\"https:\/\/www.cannabinno.swiss\/wp-content\/uploads\/2020\/05\/trimmer_maxi_1200_630px.jpg\" \/>\n<meta name=\"twitter:card\" content=\"summary_large_image\" \/>\n<meta name=\"twitter:title\" content=\"Cannabinno - H\u00f6chste Qualit\u00e4t beim CBD Trimmen.\" \/>\n<meta name=\"twitter:description\" content=\"Der hochwertige CBD Trimmer f\u00fcr Nass- und Trockenbearbeitung f\u00fcr Cannabisbl\u00fcten ohne Qualit\u00e4tseinbussen - Made in Switzerland\" \/>\n<meta name=\"twitter:label1\" content=\"Est. reading time\" \/>\n\t<meta name=\"twitter:data1\" content=\"13 minutes\" \/>\n<script type=\"application\/ld+json\" class=\"yoast-schema-graph\">{\"@context\":\"https:\/\/schema.org\",\"@graph\":[{\"@type\":\"WebPage\",\"@id\":\"https:\/\/www.cannabinno.swiss\/en\/products\/trimmer-maxi\/\",\"url\":\"https:\/\/www.cannabinno.swiss\/en\/products\/trimmer-maxi\/\",\"name\":\"Cannabinno - H\u00f6chste Qualit\u00e4t beim CBD Trimmen.\",\"isPartOf\":{\"@id\":\"https:\/\/www.cannabinno.swiss\/en\/#website\"},\"datePublished\":\"2020-07-15T09:03:44+00:00\",\"dateModified\":\"2021-09-29T12:07:35+00:00\",\"description\":\"Der hochwertige CBD Trimmer f\u00fcr Nass- und Trockenbearbeitung f\u00fcr Cannabisbl\u00fcten ohne Qualit\u00e4tseinbussen - Made in Switzerland\",\"breadcrumb\":{\"@id\":\"https:\/\/www.cannabinno.swiss\/en\/products\/trimmer-maxi\/#breadcrumb\"},\"inLanguage\":\"en-US\",\"potentialAction\":[{\"@type\":\"ReadAction\",\"target\":[\"https:\/\/www.cannabinno.swiss\/en\/products\/trimmer-maxi\/\"]}]},{\"@type\":\"BreadcrumbList\",\"@id\":\"https:\/\/www.cannabinno.swiss\/en\/products\/trimmer-maxi\/#breadcrumb\",\"itemListElement\":[{\"@type\":\"ListItem\",\"position\":1,\"name\":\"Startseite\",\"item\":\"https:\/\/www.cannabinno.swiss\/en\/\"},{\"@type\":\"ListItem\",\"position\":2,\"name\":\"Products\",\"item\":\"https:\/\/www.cannabinno.swiss\/en\/products\/\"},{\"@type\":\"ListItem\",\"position\":3,\"name\":\"Trimmer Maxi\"}]},{\"@type\":\"WebSite\",\"@id\":\"https:\/\/www.cannabinno.swiss\/en\/#website\",\"url\":\"https:\/\/www.cannabinno.swiss\/en\/\",\"name\":\"Cannabinno\",\"description\":\"The innovative cannabis grafting system from Adec-Solutions - Highest quality for the perfect yield - &quot;Made in Switzerland&quot;.\",\"publisher\":{\"@id\":\"https:\/\/www.cannabinno.swiss\/en\/#organization\"},\"potentialAction\":[{\"@type\":\"SearchAction\",\"target\":{\"@type\":\"EntryPoint\",\"urlTemplate\":\"https:\/\/www.cannabinno.swiss\/en\/?s={search_term_string}\"},\"query-input\":\"required name=search_term_string\"}],\"inLanguage\":\"en-US\"},{\"@type\":\"Organization\",\"@id\":\"https:\/\/www.cannabinno.swiss\/en\/#organization\",\"name\":\"Cannabinno\",\"url\":\"https:\/\/www.cannabinno.swiss\/en\/\",\"logo\":{\"@type\":\"ImageObject\",\"inLanguage\":\"en-US\",\"@id\":\"https:\/\/www.cannabinno.swiss\/en\/#\/schema\/logo\/image\/\",\"url\":\"https:\/\/www.cannabinno.swiss\/wp-content\/uploads\/2019\/03\/logo_cannabinno.svg\",\"contentUrl\":\"https:\/\/www.cannabinno.swiss\/wp-content\/uploads\/2019\/03\/logo_cannabinno.svg\",\"width\":243,\"height\":93,\"caption\":\"Cannabinno\"},\"image\":{\"@id\":\"https:\/\/www.cannabinno.swiss\/en\/#\/schema\/logo\/image\/\"},\"sameAs\":[\"https:\/\/www.facebook.com\/cannabinno\/\",\"https:\/\/www.instagram.com\/cannabinno.swiss\/\",\"https:\/\/www.linkedin.com\/showcase\/cannabinno\"]}]}<\/script>\n<!-- \/ Yoast SEO Premium plugin. -->","yoast_head_json":{"title":"Cannabinno - H\u00f6chste Qualit\u00e4t beim CBD Trimmen.","description":"Der hochwertige CBD Trimmer f\u00fcr Nass- und Trockenbearbeitung f\u00fcr Cannabisbl\u00fcten ohne Qualit\u00e4tseinbussen - Made in Switzerland","robots":{"index":"index","follow":"follow","max-snippet":"max-snippet:-1","max-image-preview":"max-image-preview:large","max-video-preview":"max-video-preview:-1"},"canonical":"https:\/\/www.cannabinno.swiss\/en\/products\/trimmer-maxi\/","og_locale":"en_US","og_type":"article","og_title":"cannabinno trimmer maxi: industrial processing made easy","og_description":"Maximum throughput with maximum quality: a new benchmark in Swiss quality.","og_url":"https:\/\/www.cannabinno.swiss\/en\/products\/trimmer-maxi\/","og_site_name":"Cannabinno","article_publisher":"https:\/\/www.facebook.com\/cannabinno\/","article_modified_time":"2021-09-29T12:07:35+00:00","og_image":[{"url":"https:\/\/www.cannabinno.swiss\/wp-content\/uploads\/2020\/05\/trimmer_maxi_1200_630px.jpg"}],"twitter_card":"summary_large_image","twitter_title":"Cannabinno - H\u00f6chste Qualit\u00e4t beim CBD Trimmen.","twitter_description":"Der hochwertige CBD Trimmer f\u00fcr Nass- und Trockenbearbeitung f\u00fcr Cannabisbl\u00fcten ohne Qualit\u00e4tseinbussen - Made in Switzerland","twitter_misc":{"Est. reading time":"13 minutes"},"schema":{"@context":"https:\/\/schema.org","@graph":[{"@type":"WebPage","@id":"https:\/\/www.cannabinno.swiss\/en\/products\/trimmer-maxi\/","url":"https:\/\/www.cannabinno.swiss\/en\/products\/trimmer-maxi\/","name":"Cannabinno - H\u00f6chste Qualit\u00e4t beim CBD Trimmen.","isPartOf":{"@id":"https:\/\/www.cannabinno.swiss\/en\/#website"},"datePublished":"2020-07-15T09:03:44+00:00","dateModified":"2021-09-29T12:07:35+00:00","description":"Der hochwertige CBD Trimmer f\u00fcr Nass- und Trockenbearbeitung f\u00fcr Cannabisbl\u00fcten ohne Qualit\u00e4tseinbussen - Made in Switzerland","breadcrumb":{"@id":"https:\/\/www.cannabinno.swiss\/en\/products\/trimmer-maxi\/#breadcrumb"},"inLanguage":"en-US","potentialAction":[{"@type":"ReadAction","target":["https:\/\/www.cannabinno.swiss\/en\/products\/trimmer-maxi\/"]}]},{"@type":"BreadcrumbList","@id":"https:\/\/www.cannabinno.swiss\/en\/products\/trimmer-maxi\/#breadcrumb","itemListElement":[{"@type":"ListItem","position":1,"name":"Startseite","item":"https:\/\/www.cannabinno.swiss\/en\/"},{"@type":"ListItem","position":2,"name":"Products","item":"https:\/\/www.cannabinno.swiss\/en\/products\/"},{"@type":"ListItem","position":3,"name":"Trimmer Maxi"}]},{"@type":"WebSite","@id":"https:\/\/www.cannabinno.swiss\/en\/#website","url":"https:\/\/www.cannabinno.swiss\/en\/","name":"Cannabinno","description":"The innovative cannabis grafting system from Adec-Solutions - Highest quality for the perfect yield - &quot;Made in Switzerland&quot;.","publisher":{"@id":"https:\/\/www.cannabinno.swiss\/en\/#organization"},"potentialAction":[{"@type":"SearchAction","target":{"@type":"EntryPoint","urlTemplate":"https:\/\/www.cannabinno.swiss\/en\/?s={search_term_string}"},"query-input":"required name=search_term_string"}],"inLanguage":"en-US"},{"@type":"Organization","@id":"https:\/\/www.cannabinno.swiss\/en\/#organization","name":"Cannabinno","url":"https:\/\/www.cannabinno.swiss\/en\/","logo":{"@type":"ImageObject","inLanguage":"en-US","@id":"https:\/\/www.cannabinno.swiss\/en\/#\/schema\/logo\/image\/","url":"https:\/\/www.cannabinno.swiss\/wp-content\/uploads\/2019\/03\/logo_cannabinno.svg","contentUrl":"https:\/\/www.cannabinno.swiss\/wp-content\/uploads\/2019\/03\/logo_cannabinno.svg","width":243,"height":93,"caption":"Cannabinno"},"image":{"@id":"https:\/\/www.cannabinno.swiss\/en\/#\/schema\/logo\/image\/"},"sameAs":["https:\/\/www.facebook.com\/cannabinno\/","https:\/\/www.instagram.com\/cannabinno.swiss\/","https:\/\/www.linkedin.com\/showcase\/cannabinno"]}]}},"_links":{"self":[{"href":"https:\/\/www.cannabinno.swiss\/en\/wp-json\/wp\/v2\/pages\/3687"}],"collection":[{"href":"https:\/\/www.cannabinno.swiss\/en\/wp-json\/wp\/v2\/pages"}],"about":[{"href":"https:\/\/www.cannabinno.swiss\/en\/wp-json\/wp\/v2\/types\/page"}],"author":[{"embeddable":true,"href":"https:\/\/www.cannabinno.swiss\/en\/wp-json\/wp\/v2\/users\/2"}],"replies":[{"embeddable":true,"href":"https:\/\/www.cannabinno.swiss\/en\/wp-json\/wp\/v2\/comments?post=3687"}],"version-history":[{"count":10,"href":"https:\/\/www.cannabinno.swiss\/en\/wp-json\/wp\/v2\/pages\/3687\/revisions"}],"predecessor-version":[{"id":6213,"href":"https:\/\/www.cannabinno.swiss\/en\/wp-json\/wp\/v2\/pages\/3687\/revisions\/6213"}],"up":[{"embeddable":true,"href":"https:\/\/www.cannabinno.swiss\/en\/wp-json\/wp\/v2\/pages\/2803"}],"wp:attachment":[{"href":"https:\/\/www.cannabinno.swiss\/en\/wp-json\/wp\/v2\/media?parent=3687"}],"curies":[{"name":"wp","href":"https:\/\/api.w.org\/{rel}","templated":true}]}}