{"id":7589,"date":"2022-03-29T11:57:43","date_gmt":"2022-03-29T09:57:43","guid":{"rendered":"https:\/\/www.cannabinno.swiss\/products\/budsorter-grow\/"},"modified":"2022-09-27T14:59:58","modified_gmt":"2022-09-27T12:59:58","slug":"budsorter-grow","status":"publish","type":"page","link":"https:\/\/www.cannabinno.swiss\/en\/products\/budsorter-grow\/","title":{"rendered":"Budsorter GROW"},"content":{"rendered":"<div class=\"fusion-fullwidth fullwidth-box fusion-builder-row-1 fusion-flex-container nonhundred-percent-fullwidth non-hundred-percent-height-scrolling\" style=\"--awb-border-radius-top-left:0px;--awb-border-radius-top-right:0px;--awb-border-radius-bottom-right:0px;--awb-border-radius-bottom-left:0px;\" ><div class=\"fusion-builder-row fusion-row fusion-flex-align-items-flex-start\" style=\"max-width:1248px;margin-left: calc(-4% \/ 2 );margin-right: calc(-4% \/ 2 );\"><div class=\"fusion-layout-column fusion_builder_column fusion-builder-column-0 fusion_builder_column_1_1 1_1 fusion-flex-column\" style=\"--awb-bg-size:cover;--awb-width-large:100%;--awb-margin-top-large:0px;--awb-spacing-right-large:1.92%;--awb-margin-bottom-large:20px;--awb-spacing-left-large:1.92%;--awb-width-medium:100%;--awb-order-medium:0;--awb-spacing-right-medium:1.92%;--awb-spacing-left-medium:1.92%;--awb-width-small:100%;--awb-order-small:0;--awb-spacing-right-small:1.92%;--awb-spacing-left-small:1.92%;\"><div class=\"fusion-column-wrapper fusion-column-has-shadow fusion-flex-justify-content-flex-start fusion-content-layout-column\"><div class=\"fusion-text fusion-text-1\" style=\"--awb-text-transform:none;\"><h1>cannabinno Budsorter Grow<\/h1>\n<\/div><\/div><\/div><div class=\"fusion-layout-column fusion_builder_column fusion-builder-column-1 fusion_builder_column_2_3 2_3 fusion-flex-column\" style=\"--awb-bg-size:cover;--awb-width-large:66.666666666667%;--awb-margin-top-large:0px;--awb-spacing-right-large:2.88%;--awb-margin-bottom-large:20px;--awb-spacing-left-large:2.88%;--awb-width-medium:100%;--awb-order-medium:0;--awb-spacing-right-medium:1.92%;--awb-spacing-left-medium:1.92%;--awb-width-small:100%;--awb-order-small:0;--awb-spacing-right-small:1.92%;--awb-spacing-left-small:1.92%;\"><div class=\"fusion-column-wrapper fusion-column-has-shadow fusion-flex-justify-content-flex-start fusion-content-layout-column\"><div class=\"fusion-slider-sc\"><div class=\"fusion-flexslider-loading flexslider flexslider-hover-type-zoomin\" data-slideshow_autoplay=\"1\" data-slideshow_smooth_height=\"0\" data-slideshow_speed=\"7000\" style=\"max-width:100%;height:100%;\"><ul class=\"slides\"><li class=\"image\"><span class=\"fusion-image-hover-element hover-type-zoomin\"><img decoding=\"async\" src=\"https:\/\/www.cannabinno.swiss\/wp-content\/uploads\/2022\/06\/Budsorter-Grow_WEB_tb-1024x576.webp?_t=1655723665\" alt=\"Cannabis Bud Sorter made of chrome steel for three different sizes of buds.\" width=\"1024\" height=\"576\" class=\"wp-image-8934\" srcset=\"https:\/\/www.cannabinno.swiss\/wp-content\/uploads\/2022\/06\/Budsorter-Grow_WEB_tb-200x113.webp 200w, https:\/\/www.cannabinno.swiss\/wp-content\/uploads\/2022\/06\/Budsorter-Grow_WEB_tb-300x169.webp 300w, https:\/\/www.cannabinno.swiss\/wp-content\/uploads\/2022\/06\/Budsorter-Grow_WEB_tb-400x225.webp 400w, https:\/\/www.cannabinno.swiss\/wp-content\/uploads\/2022\/06\/Budsorter-Grow_WEB_tb-600x338.webp 600w, https:\/\/www.cannabinno.swiss\/wp-content\/uploads\/2022\/06\/Budsorter-Grow_WEB_tb-768x432.webp 768w, https:\/\/www.cannabinno.swiss\/wp-content\/uploads\/2022\/06\/Budsorter-Grow_WEB_tb-800x450.webp 800w, https:\/\/www.cannabinno.swiss\/wp-content\/uploads\/2022\/06\/Budsorter-Grow_WEB_tb-1024x576.webp 1024w, https:\/\/www.cannabinno.swiss\/wp-content\/uploads\/2022\/06\/Budsorter-Grow_WEB_tb-1200x675.webp 1200w, https:\/\/www.cannabinno.swiss\/wp-content\/uploads\/2022\/06\/Budsorter-Grow_WEB_tb-1536x864.webp 1536w, https:\/\/www.cannabinno.swiss\/wp-content\/uploads\/2022\/06\/Budsorter-Grow_WEB_tb.webp 1920w\" sizes=\"(max-width: 1024px) 100vw, (max-width: 640px) 100vw, 800px\" \/><\/span><\/li><li class=\"image\"><span class=\"fusion-image-hover-element hover-type-zoomin\"><img decoding=\"async\" src=\"https:\/\/www.cannabinno.swiss\/wp-content\/uploads\/2022\/06\/Budsorter-Grow_WEB_2_tb.webp\" alt=\"Cannabis Bud Sorter aus Chromstahl\" width=\"1920\" height=\"1080\" class=\"wp-image-8959\" srcset=\"https:\/\/www.cannabinno.swiss\/wp-content\/uploads\/2022\/06\/Budsorter-Grow_WEB_2_tb-200x113.webp 200w, https:\/\/www.cannabinno.swiss\/wp-content\/uploads\/2022\/06\/Budsorter-Grow_WEB_2_tb-300x169.webp 300w, https:\/\/www.cannabinno.swiss\/wp-content\/uploads\/2022\/06\/Budsorter-Grow_WEB_2_tb-400x225.webp 400w, https:\/\/www.cannabinno.swiss\/wp-content\/uploads\/2022\/06\/Budsorter-Grow_WEB_2_tb-600x338.webp 600w, https:\/\/www.cannabinno.swiss\/wp-content\/uploads\/2022\/06\/Budsorter-Grow_WEB_2_tb-768x432.webp 768w, https:\/\/www.cannabinno.swiss\/wp-content\/uploads\/2022\/06\/Budsorter-Grow_WEB_2_tb-800x450.webp 800w, https:\/\/www.cannabinno.swiss\/wp-content\/uploads\/2022\/06\/Budsorter-Grow_WEB_2_tb-1024x576.webp 1024w, https:\/\/www.cannabinno.swiss\/wp-content\/uploads\/2022\/06\/Budsorter-Grow_WEB_2_tb-1200x675.webp 1200w, https:\/\/www.cannabinno.swiss\/wp-content\/uploads\/2022\/06\/Budsorter-Grow_WEB_2_tb-1536x864.webp 1536w, https:\/\/www.cannabinno.swiss\/wp-content\/uploads\/2022\/06\/Budsorter-Grow_WEB_2_tb.webp 1920w\" sizes=\"(max-width: 1024px) 100vw, (max-width: 640px) 100vw, 800px\" \/><\/span><\/li><li class=\"image\"><span class=\"fusion-image-hover-element hover-type-zoomin\"><img decoding=\"async\" src=\"https:\/\/www.cannabinno.swiss\/wp-content\/uploads\/2022\/06\/Budsorter-Grow_WEB_3_tb.webp\" alt=\"Cannabis Bud Sorter made of chrome steel for three different sizes of buds.\" width=\"1920\" height=\"1080\" class=\"wp-image-8954\" srcset=\"https:\/\/www.cannabinno.swiss\/wp-content\/uploads\/2022\/06\/Budsorter-Grow_WEB_3_tb-200x113.webp 200w, https:\/\/www.cannabinno.swiss\/wp-content\/uploads\/2022\/06\/Budsorter-Grow_WEB_3_tb-300x169.webp 300w, https:\/\/www.cannabinno.swiss\/wp-content\/uploads\/2022\/06\/Budsorter-Grow_WEB_3_tb-400x225.webp 400w, https:\/\/www.cannabinno.swiss\/wp-content\/uploads\/2022\/06\/Budsorter-Grow_WEB_3_tb-600x338.webp 600w, https:\/\/www.cannabinno.swiss\/wp-content\/uploads\/2022\/06\/Budsorter-Grow_WEB_3_tb-768x432.webp 768w, https:\/\/www.cannabinno.swiss\/wp-content\/uploads\/2022\/06\/Budsorter-Grow_WEB_3_tb-800x450.webp 800w, https:\/\/www.cannabinno.swiss\/wp-content\/uploads\/2022\/06\/Budsorter-Grow_WEB_3_tb-1024x576.webp 1024w, https:\/\/www.cannabinno.swiss\/wp-content\/uploads\/2022\/06\/Budsorter-Grow_WEB_3_tb-1200x675.webp 1200w, https:\/\/www.cannabinno.swiss\/wp-content\/uploads\/2022\/06\/Budsorter-Grow_WEB_3_tb-1536x864.webp 1536w, https:\/\/www.cannabinno.swiss\/wp-content\/uploads\/2022\/06\/Budsorter-Grow_WEB_3_tb.webp 1920w\" sizes=\"(max-width: 1024px) 100vw, (max-width: 640px) 100vw, 800px\" \/><\/span><\/li><\/ul><\/div><\/div><\/div><\/div><div class=\"fusion-layout-column fusion_builder_column fusion-builder-column-2 fusion_builder_column_1_3 1_3 fusion-flex-column\" style=\"--awb-bg-size:cover;--awb-width-large:33.333333333333%;--awb-margin-top-large:0px;--awb-spacing-right-large:5.76%;--awb-margin-bottom-large:20px;--awb-spacing-left-large:5.76%;--awb-width-medium:100%;--awb-order-medium:0;--awb-spacing-right-medium:1.92%;--awb-spacing-left-medium:1.92%;--awb-width-small:100%;--awb-order-small:0;--awb-spacing-right-small:1.92%;--awb-spacing-left-small:1.92%;\"><div class=\"fusion-column-wrapper fusion-column-has-shadow fusion-flex-justify-content-flex-start fusion-content-layout-column\"><div class=\"fusion-text fusion-text-2\" style=\"--awb-text-transform:none;\"><h3>Technical specifications<\/h3>\n<dl style=\"font-size: 0.9rem;\">\n<dt>Dimensions:<\/dt>\n<dd>W 41 cm x L 193 cm x H 80 cm<\/dd>\n<dt>Weight<\/dt>\n<dd>65 kg<\/dd>\n<dt>Box contents<\/dt>\n<dd>88 liters per box<\/dd>\n<dt>Certification<\/dt>\n<dd>CE certified according to machine directives<\/dd>\n<\/dl>\n<\/div><div style=\"text-align:left;\"><a class=\"fusion-button button-flat button-large button-custom fusion-button-default button-1 fusion-button-default-span fusion-button-default-type\" style=\"--button_accent_color:var(--awb-color1);--button_border_color:var(--awb-color1);--button_accent_hover_color:var(--awb-color5);--button_border_hover_color:var(--awb-color5);--button_border_width-top:0px;--button_border_width-right:0px;--button_border_width-bottom:0px;--button_border_width-left:10px;--button_gradient_top_color:rgba(106,171,51,0);--button_gradient_bottom_color:rgba(106,171,51,0);--button_gradient_top_color_hover:rgba(123,124,126,0);--button_gradient_bottom_color_hover:rgba(123,124,126,0);--button_typography-font-family:&quot;Merriweather Sans&quot;;--button_typography-font-style:normal;--button_typography-font-weight:800;\" target=\"_blank\" rel=\"noopener noreferrer\" href=\"https:\/\/workdrive.adec-solutions.ch\/file\/5v5u807c21fa151c34b039987df5bae9455d4\"><span class=\"fusion-button-icon-divider button-icon-divider-left\"><i class=\"fa-file-pdf far\" aria-hidden=\"true\"><\/i><\/span><span class=\"fusion-button-text fusion-button-text-left\">Download Data Sheet<\/span><\/a><\/div><div class=\"fusion-separator fusion-full-width-sep\" style=\"align-self: center;margin-left: auto;margin-right: auto;margin-top:20px;width:100%;\"><\/div><div style=\"text-align:center;\"><a class=\"fusion-button button-flat button-medium button-default fusion-button-default button-2 fusion-button-span-yes fusion-button-default-type\" style=\"--button_text_transform:uppercase;\" target=\"_self\" href=\"https:\/\/www.cannabinno.swiss\/en\/contact\/\"><span class=\"fusion-button-text\">Request a quote<\/span><\/a><\/div><\/div><\/div><div class=\"fusion-layout-column fusion_builder_column fusion-builder-column-3 fusion_builder_column_1_1 1_1 fusion-flex-column\" style=\"--awb-bg-size:cover;--awb-width-large:100%;--awb-margin-top-large:0px;--awb-spacing-right-large:1.92%;--awb-margin-bottom-large:20px;--awb-spacing-left-large:1.92%;--awb-width-medium:100%;--awb-order-medium:0;--awb-spacing-right-medium:1.92%;--awb-spacing-left-medium:1.92%;--awb-width-small:100%;--awb-order-small:0;--awb-spacing-right-small:1.92%;--awb-spacing-left-small:1.92%;\"><div class=\"fusion-column-wrapper fusion-column-has-shadow fusion-flex-justify-content-flex-start fusion-content-layout-column\"><div class=\"fusion-text fusion-text-3\" style=\"--awb-text-transform:none;\"><p>At the final stage of your grafting process, the Budsorter ensures optimum preparation of the blossoms for your customer by sorting into up to four defined bud sizes.<\/p>\n<p>The buds are pulled lengthwise over the three zones with a hand brush, where they fall, sorted by size, into exchangeable collecting boxes. With the overflow tray option, the largest buds are directed into an additional collection box at the end of the Budsorter. In addition, filling with buds can be simplified with the optional feed tray.<\/p>\n<p>Many satisfied customers also use this step for a final quality control.<\/p>\n<\/div><div class=\"fusion-text fusion-text-4\" style=\"--awb-text-transform:none;\"><h3>Features<\/h3>\n<ul>\n<li>2in1 option: Tabletop cover made by chrome steel<\/li>\n<li>Optional: Feed tray for easier filling.<\/li>\n<li>Optional: overflow tray for flowers with oversize<\/li>\n<li>Easiest implementation Professional results<\/li>\n<li>Can be combined with Feeder<\/li>\n<li>Solid construction<\/li>\n<li>2 years warranty<\/li>\n<li>Swiss Made<\/li>\n<\/ul>\n<\/div><\/div><\/div><\/div><\/div>\n","protected":false},"excerpt":{"rendered":"","protected":false},"author":7,"featured_media":0,"parent":2803,"menu_order":63,"comment_status":"closed","ping_status":"closed","template":"","meta":{"inline_featured_image":false},"yoast_head":"<!-- This site is optimized with the Yoast SEO Premium plugin v20.7 (Yoast SEO v21.8.1) - https:\/\/yoast.com\/wordpress\/plugins\/seo\/ -->\n<title>Cannabinno - H\u00f6chste Qualit\u00e4t beim CBD Trimmen.<\/title>\n<meta name=\"description\" content=\"At the final stage of your grafting process, the Budsorter ensures optimum preparation of the blossoms for your customer.\" \/>\n<meta name=\"robots\" content=\"index, follow, max-snippet:-1, max-image-preview:large, max-video-preview:-1\" \/>\n<link rel=\"canonical\" href=\"https:\/\/www.cannabinno.swiss\/en\/products\/budsorter-grow\/\" \/>\n<meta property=\"og:locale\" content=\"en_US\" \/>\n<meta property=\"og:type\" content=\"article\" \/>\n<meta property=\"og:title\" content=\"Cannabinno - H\u00f6chste Qualit\u00e4t beim CBD Trimmen.\" \/>\n<meta property=\"og:description\" content=\"Der hochwertige CBD Trimmer f\u00fcr Nass- und Trockenbearbeitung f\u00fcr Cannabisbl\u00fcten ohne Qualit\u00e4tseinbussen - Made in Switzerland\" \/>\n<meta property=\"og:url\" content=\"https:\/\/www.cannabinno.swiss\/en\/products\/budsorter-grow\/\" \/>\n<meta property=\"og:site_name\" content=\"Cannabinno\" \/>\n<meta property=\"article:publisher\" content=\"https:\/\/www.facebook.com\/cannabinno\/\" \/>\n<meta property=\"article:modified_time\" content=\"2022-09-27T12:59:58+00:00\" \/>\n<meta property=\"og:image\" content=\"https:\/\/www.cannabinno.swiss\/wp-content\/uploads\/2020\/10\/budsorter_combined.jpg\" \/>\n<meta name=\"twitter:card\" content=\"summary_large_image\" \/>\n<meta name=\"twitter:image\" content=\"https:\/\/www.cannabinno.swiss\/wp-content\/uploads\/2020\/10\/budsorter_combined.jpg\" \/>\n<meta name=\"twitter:label1\" content=\"Est. reading time\" \/>\n\t<meta name=\"twitter:data1\" content=\"10 minutes\" \/>\n<script type=\"application\/ld+json\" class=\"yoast-schema-graph\">{\"@context\":\"https:\/\/schema.org\",\"@graph\":[{\"@type\":\"WebPage\",\"@id\":\"https:\/\/www.cannabinno.swiss\/en\/products\/budsorter-grow\/\",\"url\":\"https:\/\/www.cannabinno.swiss\/en\/products\/budsorter-grow\/\",\"name\":\"Cannabinno - H\u00f6chste Qualit\u00e4t beim CBD Trimmen.\",\"isPartOf\":{\"@id\":\"https:\/\/www.cannabinno.swiss\/en\/#website\"},\"datePublished\":\"2022-03-29T09:57:43+00:00\",\"dateModified\":\"2022-09-27T12:59:58+00:00\",\"description\":\"At the final stage of your grafting process, the Budsorter ensures optimum preparation of the blossoms for your customer.\",\"breadcrumb\":{\"@id\":\"https:\/\/www.cannabinno.swiss\/en\/products\/budsorter-grow\/#breadcrumb\"},\"inLanguage\":\"en-US\",\"potentialAction\":[{\"@type\":\"ReadAction\",\"target\":[\"https:\/\/www.cannabinno.swiss\/en\/products\/budsorter-grow\/\"]}]},{\"@type\":\"BreadcrumbList\",\"@id\":\"https:\/\/www.cannabinno.swiss\/en\/products\/budsorter-grow\/#breadcrumb\",\"itemListElement\":[{\"@type\":\"ListItem\",\"position\":1,\"name\":\"Startseite\",\"item\":\"https:\/\/www.cannabinno.swiss\/en\/\"},{\"@type\":\"ListItem\",\"position\":2,\"name\":\"Products\",\"item\":\"https:\/\/www.cannabinno.swiss\/en\/products\/\"},{\"@type\":\"ListItem\",\"position\":3,\"name\":\"Budsorter GROW\"}]},{\"@type\":\"WebSite\",\"@id\":\"https:\/\/www.cannabinno.swiss\/en\/#website\",\"url\":\"https:\/\/www.cannabinno.swiss\/en\/\",\"name\":\"Cannabinno\",\"description\":\"The innovative cannabis grafting system from Adec-Solutions - Highest quality for the perfect yield - &quot;Made in Switzerland&quot;.\",\"publisher\":{\"@id\":\"https:\/\/www.cannabinno.swiss\/en\/#organization\"},\"potentialAction\":[{\"@type\":\"SearchAction\",\"target\":{\"@type\":\"EntryPoint\",\"urlTemplate\":\"https:\/\/www.cannabinno.swiss\/en\/?s={search_term_string}\"},\"query-input\":\"required name=search_term_string\"}],\"inLanguage\":\"en-US\"},{\"@type\":\"Organization\",\"@id\":\"https:\/\/www.cannabinno.swiss\/en\/#organization\",\"name\":\"Cannabinno\",\"url\":\"https:\/\/www.cannabinno.swiss\/en\/\",\"logo\":{\"@type\":\"ImageObject\",\"inLanguage\":\"en-US\",\"@id\":\"https:\/\/www.cannabinno.swiss\/en\/#\/schema\/logo\/image\/\",\"url\":\"https:\/\/www.cannabinno.swiss\/wp-content\/uploads\/2019\/03\/logo_cannabinno.svg\",\"contentUrl\":\"https:\/\/www.cannabinno.swiss\/wp-content\/uploads\/2019\/03\/logo_cannabinno.svg\",\"width\":243,\"height\":93,\"caption\":\"Cannabinno\"},\"image\":{\"@id\":\"https:\/\/www.cannabinno.swiss\/en\/#\/schema\/logo\/image\/\"},\"sameAs\":[\"https:\/\/www.facebook.com\/cannabinno\/\",\"https:\/\/www.instagram.com\/cannabinno.swiss\/\",\"https:\/\/www.linkedin.com\/showcase\/cannabinno\"]}]}<\/script>\n<!-- \/ Yoast SEO Premium plugin. -->","yoast_head_json":{"title":"Cannabinno - H\u00f6chste Qualit\u00e4t beim CBD Trimmen.","description":"At the final stage of your grafting process, the Budsorter ensures optimum preparation of the blossoms for your customer.","robots":{"index":"index","follow":"follow","max-snippet":"max-snippet:-1","max-image-preview":"max-image-preview:large","max-video-preview":"max-video-preview:-1"},"canonical":"https:\/\/www.cannabinno.swiss\/en\/products\/budsorter-grow\/","og_locale":"en_US","og_type":"article","og_title":"Cannabinno - H\u00f6chste Qualit\u00e4t beim CBD Trimmen.","og_description":"Der hochwertige CBD Trimmer f\u00fcr Nass- und Trockenbearbeitung f\u00fcr Cannabisbl\u00fcten ohne Qualit\u00e4tseinbussen - Made in Switzerland","og_url":"https:\/\/www.cannabinno.swiss\/en\/products\/budsorter-grow\/","og_site_name":"Cannabinno","article_publisher":"https:\/\/www.facebook.com\/cannabinno\/","article_modified_time":"2022-09-27T12:59:58+00:00","og_image":[{"url":"https:\/\/www.cannabinno.swiss\/wp-content\/uploads\/2020\/10\/budsorter_combined.jpg"}],"twitter_card":"summary_large_image","twitter_image":"https:\/\/www.cannabinno.swiss\/wp-content\/uploads\/2020\/10\/budsorter_combined.jpg","twitter_misc":{"Est. reading time":"10 minutes"},"schema":{"@context":"https:\/\/schema.org","@graph":[{"@type":"WebPage","@id":"https:\/\/www.cannabinno.swiss\/en\/products\/budsorter-grow\/","url":"https:\/\/www.cannabinno.swiss\/en\/products\/budsorter-grow\/","name":"Cannabinno - H\u00f6chste Qualit\u00e4t beim CBD Trimmen.","isPartOf":{"@id":"https:\/\/www.cannabinno.swiss\/en\/#website"},"datePublished":"2022-03-29T09:57:43+00:00","dateModified":"2022-09-27T12:59:58+00:00","description":"At the final stage of your grafting process, the Budsorter ensures optimum preparation of the blossoms for your customer.","breadcrumb":{"@id":"https:\/\/www.cannabinno.swiss\/en\/products\/budsorter-grow\/#breadcrumb"},"inLanguage":"en-US","potentialAction":[{"@type":"ReadAction","target":["https:\/\/www.cannabinno.swiss\/en\/products\/budsorter-grow\/"]}]},{"@type":"BreadcrumbList","@id":"https:\/\/www.cannabinno.swiss\/en\/products\/budsorter-grow\/#breadcrumb","itemListElement":[{"@type":"ListItem","position":1,"name":"Startseite","item":"https:\/\/www.cannabinno.swiss\/en\/"},{"@type":"ListItem","position":2,"name":"Products","item":"https:\/\/www.cannabinno.swiss\/en\/products\/"},{"@type":"ListItem","position":3,"name":"Budsorter GROW"}]},{"@type":"WebSite","@id":"https:\/\/www.cannabinno.swiss\/en\/#website","url":"https:\/\/www.cannabinno.swiss\/en\/","name":"Cannabinno","description":"The innovative cannabis grafting system from Adec-Solutions - Highest quality for the perfect yield - &quot;Made in Switzerland&quot;.","publisher":{"@id":"https:\/\/www.cannabinno.swiss\/en\/#organization"},"potentialAction":[{"@type":"SearchAction","target":{"@type":"EntryPoint","urlTemplate":"https:\/\/www.cannabinno.swiss\/en\/?s={search_term_string}"},"query-input":"required name=search_term_string"}],"inLanguage":"en-US"},{"@type":"Organization","@id":"https:\/\/www.cannabinno.swiss\/en\/#organization","name":"Cannabinno","url":"https:\/\/www.cannabinno.swiss\/en\/","logo":{"@type":"ImageObject","inLanguage":"en-US","@id":"https:\/\/www.cannabinno.swiss\/en\/#\/schema\/logo\/image\/","url":"https:\/\/www.cannabinno.swiss\/wp-content\/uploads\/2019\/03\/logo_cannabinno.svg","contentUrl":"https:\/\/www.cannabinno.swiss\/wp-content\/uploads\/2019\/03\/logo_cannabinno.svg","width":243,"height":93,"caption":"Cannabinno"},"image":{"@id":"https:\/\/www.cannabinno.swiss\/en\/#\/schema\/logo\/image\/"},"sameAs":["https:\/\/www.facebook.com\/cannabinno\/","https:\/\/www.instagram.com\/cannabinno.swiss\/","https:\/\/www.linkedin.com\/showcase\/cannabinno"]}]}},"_links":{"self":[{"href":"https:\/\/www.cannabinno.swiss\/en\/wp-json\/wp\/v2\/pages\/7589"}],"collection":[{"href":"https:\/\/www.cannabinno.swiss\/en\/wp-json\/wp\/v2\/pages"}],"about":[{"href":"https:\/\/www.cannabinno.swiss\/en\/wp-json\/wp\/v2\/types\/page"}],"author":[{"embeddable":true,"href":"https:\/\/www.cannabinno.swiss\/en\/wp-json\/wp\/v2\/users\/7"}],"replies":[{"embeddable":true,"href":"https:\/\/www.cannabinno.swiss\/en\/wp-json\/wp\/v2\/comments?post=7589"}],"version-history":[{"count":10,"href":"https:\/\/www.cannabinno.swiss\/en\/wp-json\/wp\/v2\/pages\/7589\/revisions"}],"predecessor-version":[{"id":9460,"href":"https:\/\/www.cannabinno.swiss\/en\/wp-json\/wp\/v2\/pages\/7589\/revisions\/9460"}],"up":[{"embeddable":true,"href":"https:\/\/www.cannabinno.swiss\/en\/wp-json\/wp\/v2\/pages\/2803"}],"wp:attachment":[{"href":"https:\/\/www.cannabinno.swiss\/en\/wp-json\/wp\/v2\/media?parent=7589"}],"curies":[{"name":"wp","href":"https:\/\/api.w.org\/{rel}","templated":true}]}}