{"id":7592,"date":"2022-03-29T12:01:43","date_gmt":"2022-03-29T10:01:43","guid":{"rendered":"https:\/\/www.cannabinno.swiss\/products\/buderator-grow\/"},"modified":"2022-09-27T16:37:16","modified_gmt":"2022-09-27T14:37:16","slug":"buderator-grow","status":"publish","type":"page","link":"https:\/\/www.cannabinno.swiss\/en\/products\/buderator-grow\/","title":{"rendered":"Buderator GROW"},"content":{"rendered":"<div class=\"fusion-fullwidth fullwidth-box fusion-builder-row-1 nonhundred-percent-fullwidth non-hundred-percent-height-scrolling\" style=\"--awb-border-radius-top-left:0px;--awb-border-radius-top-right:0px;--awb-border-radius-bottom-right:0px;--awb-border-radius-bottom-left:0px;\" ><div class=\"fusion-builder-row fusion-row\"><div class=\"fusion-layout-column fusion_builder_column fusion-builder-column-0 fusion_builder_column_1_1 1_1 fusion-one-full fusion-column-first fusion-column-last\" style=\"--awb-bg-size:cover;\"><div class=\"fusion-column-wrapper fusion-column-has-shadow fusion-flex-column-wrapper-legacy\"><div class=\"fusion-title title fusion-title-1 fusion-sep-none fusion-title-text fusion-title-size-one\"><h1 class=\"title-heading-left\" style=\"margin:0;\"><h1 style=\"text-align: center;\">cannabinno Buderator GROW<\/h1>\n<h2 style=\"text-align: center;\">The Buderator is an innovative debudder harvester in trim preparation.<\/h2><\/h1><\/div><div class=\"fusion-clearfix\"><\/div><\/div><\/div><div class=\"fusion-layout-column fusion_builder_column fusion-builder-column-1 fusion_builder_column_2_3 2_3 fusion-two-third fusion-column-first\" style=\"--awb-bg-size:cover;width:66.666666666667%;width:calc(66.666666666667% - ( ( 4% ) * 0.66666666666667 ) );margin-right: 4%;\"><div class=\"fusion-column-wrapper fusion-column-has-shadow fusion-flex-column-wrapper-legacy\"><div class=\"fusion-image-element in-legacy-container\" style=\"--awb-caption-title-font-family:var(--h2_typography-font-family);--awb-caption-title-font-weight:var(--h2_typography-font-weight);--awb-caption-title-font-style:var(--h2_typography-font-style);--awb-caption-title-size:var(--h2_typography-font-size);--awb-caption-title-transform:var(--h2_typography-text-transform);--awb-caption-title-line-height:var(--h2_typography-line-height);--awb-caption-title-letter-spacing:var(--h2_typography-letter-spacing);\"><span class=\" fusion-imageframe imageframe-none imageframe-1 hover-type-none\" class=\"image-magnify\" class=\"image-scroll\"><img decoding=\"async\" width=\"1920\" height=\"1080\" alt=\"Bucking Machine\" title=\"Buderator_WEB_tb\" src=\"https:\/\/www.cannabinno.swiss\/wp-content\/uploads\/2022\/06\/Buderator_WEB_tb-800x450.webp?_t=1664289351\" class=\"img-responsive wp-image-8903\" srcset=\"https:\/\/www.cannabinno.swiss\/wp-content\/uploads\/2022\/06\/Buderator_WEB_tb-200x113.webp 200w, https:\/\/www.cannabinno.swiss\/wp-content\/uploads\/2022\/06\/Buderator_WEB_tb-300x169.webp 300w, https:\/\/www.cannabinno.swiss\/wp-content\/uploads\/2022\/06\/Buderator_WEB_tb-400x225.webp 400w, https:\/\/www.cannabinno.swiss\/wp-content\/uploads\/2022\/06\/Buderator_WEB_tb-600x338.webp 600w, https:\/\/www.cannabinno.swiss\/wp-content\/uploads\/2022\/06\/Buderator_WEB_tb-768x432.webp 768w, https:\/\/www.cannabinno.swiss\/wp-content\/uploads\/2022\/06\/Buderator_WEB_tb-800x450.webp 800w, https:\/\/www.cannabinno.swiss\/wp-content\/uploads\/2022\/06\/Buderator_WEB_tb-1024x576.webp 1024w, https:\/\/www.cannabinno.swiss\/wp-content\/uploads\/2022\/06\/Buderator_WEB_tb-1200x675.webp 1200w, https:\/\/www.cannabinno.swiss\/wp-content\/uploads\/2022\/06\/Buderator_WEB_tb-1536x864.webp 1536w, https:\/\/www.cannabinno.swiss\/wp-content\/uploads\/2022\/06\/Buderator_WEB_tb.webp 1920w\" sizes=\"(max-width: 800px) 100vw, 800px\" \/><\/span><\/div><div class=\"fusion-clearfix\"><\/div><\/div><\/div><div class=\"fusion-layout-column fusion_builder_column fusion-builder-column-2 fusion_builder_column_1_3 1_3 fusion-one-third fusion-column-last\" style=\"--awb-bg-size:cover;width:33.333333333333%;width:calc(33.333333333333% - ( ( 4% ) * 0.33333333333333 ) );\"><div class=\"fusion-column-wrapper fusion-column-has-shadow fusion-flex-column-wrapper-legacy\"><div class=\"fusion-text fusion-text-1\" style=\"--awb-text-transform:none;\"><h3>Technische Daten<\/h3>\n<dl style=\"font-size: 0.9rem;\">\n<dt>Dimensions<\/dt>\n<dd>W 60 cm x L 55 cm x H 137 cm<\/dd>\n<dt>Weight<\/dt>\n<dd>120 kg<\/dd>\n<dt>Power supply<\/dt>\n<dd>230V\/13AT<\/dd>\n<dt>Certification<\/dt>\n<dd>CE certified according to machine directives<\/dd>\n<\/dl>\n<\/div><div class=\"fusion-alignleft\"><a class=\"fusion-button button-flat button-large button-custom fusion-button-default button-1 fusion-button-default-span fusion-button-default-type\" style=\"--button_accent_color:var(--awb-color1);--button_border_color:var(--awb-color1);--button_accent_hover_color:var(--awb-color5);--button_border_hover_color:var(--awb-color5);--button_border_width-top:0px;--button_border_width-right:0px;--button_border_width-bottom:0px;--button_border_width-left:10px;--button_gradient_top_color:rgba(106,171,51,0);--button_gradient_bottom_color:rgba(106,171,51,0);--button_gradient_top_color_hover:rgba(123,124,126,0);--button_gradient_bottom_color_hover:rgba(123,124,126,0);--button_typography-font-family:&quot;Merriweather Sans&quot;;--button_typography-font-style:normal;--button_typography-font-weight:800;\" target=\"_blank\" rel=\"noopener noreferrer\" href=\"https:\/\/workdrive.adec-solutions.ch\/file\/5v5u8ad5c34251736440c99d8d6beefaf21f9\"><span class=\"fusion-button-icon-divider button-icon-divider-left\"><i class=\"fa-file-pdf far\" aria-hidden=\"true\"><\/i><\/span><span class=\"fusion-button-text fusion-button-text-left\">Download Data Sheet<\/span><\/a><\/div><div class=\"fusion-sep-clear\"><\/div><div class=\"fusion-separator fusion-full-width-sep\" style=\"margin-left: auto;margin-right: auto;margin-top:20px;width:100%;\"><\/div><div class=\"fusion-sep-clear\"><\/div><div class=\"fusion-align-block\"><a class=\"fusion-button button-flat button-medium button-default fusion-button-default button-2 fusion-button-span-yes fusion-button-default-type\" style=\"--button_text_transform:uppercase;\" target=\"_self\" href=\"https:\/\/www.cannabinno.swiss\/en\/contact\/\"><span class=\"fusion-button-text\">Request a quote<\/span><\/a><\/div><div class=\"fusion-clearfix\"><\/div><\/div><\/div><div class=\"fusion-layout-column fusion_builder_column fusion-builder-column-3 fusion_builder_column_1_1 1_1 fusion-one-full fusion-column-first fusion-column-last\" style=\"--awb-bg-size:cover;\"><div class=\"fusion-column-wrapper fusion-column-has-shadow fusion-flex-column-wrapper-legacy\"><div class=\"fusion-text fusion-text-2\" style=\"--awb-text-transform:none;\"><p>The Buderator is an innovative Debudder harvetser for trim preparation. It gently separates the buds from the plant.<\/p>\n<p>The plant is added manually and the buds are stripped off. Different hole sizes guarantee a clean result regardless of the sprout diameter. The process simulates the gentle but laborious stripping by hand. The process can be done much faster and at a constant pace.<\/p>\n<p>In case of jamming, the feed rolls can be opened immediately with a foot pedal. The machine is ready for use again at the push of a button.<\/p>\n<p>The pressure of the feed rolls is pneumatically controlled and can be adjusted very easily via pressure gauge admidst the machine running. The feed speed can be adjusted to easily process both, wet and dry plants.<\/p>\n<\/div><div class=\"fusion-text fusion-text-3\" style=\"--awb-text-transform:none;\"><h3>Features<\/h3>\n<ul>\n<li>All product touching parts made by chrome steel<\/li>\n<li>Suitable for wet and dry processing<\/li>\n<li>Gauge for pressure control<\/li>\n<li>Exchangeable plates with different hole sizes<\/li>\n<li>Optional connection to conveyor belt<\/li>\n<li>Solid construction<\/li>\n<li>2 years warranty<\/li>\n<li>Swiss Made<\/li>\n<\/ul>\n<\/div><div class=\"fusion-clearfix\"><\/div><\/div><\/div><\/div><\/div>\n","protected":false},"excerpt":{"rendered":"","protected":false},"author":7,"featured_media":0,"parent":2803,"menu_order":10,"comment_status":"closed","ping_status":"closed","template":"","meta":{"inline_featured_image":false},"yoast_head":"<!-- This site is optimized with the Yoast SEO Premium plugin v20.7 (Yoast SEO v21.8.1) - https:\/\/yoast.com\/wordpress\/plugins\/seo\/ -->\n<title>Buderator Grow - H\u00f6chste Qualit\u00e4t beim debudder<\/title>\n<meta name=\"description\" content=\"The high quality debudder for wet and dry processing for cannabis flowers without compromising quality - Made in Switzerland.\" \/>\n<meta name=\"robots\" content=\"index, follow, max-snippet:-1, max-image-preview:large, max-video-preview:-1\" \/>\n<link rel=\"canonical\" href=\"https:\/\/www.cannabinno.swiss\/en\/products\/buderator-grow\/\" \/>\n<meta property=\"og:locale\" content=\"en_US\" \/>\n<meta property=\"og:type\" content=\"article\" \/>\n<meta property=\"og:title\" content=\"Cannabinno - H\u00f6chste Qualit\u00e4t beim CBD Trimmen.\" \/>\n<meta property=\"og:description\" content=\"Der hochwertige CBD Trimmer f\u00fcr Nass- und Trockenbearbeitung f\u00fcr Cannabisbl\u00fcten ohne Qualit\u00e4tseinbussen - Made in Switzerland\" \/>\n<meta property=\"og:url\" content=\"https:\/\/www.cannabinno.swiss\/en\/products\/buderator-grow\/\" \/>\n<meta property=\"og:site_name\" content=\"Cannabinno\" \/>\n<meta property=\"article:publisher\" content=\"https:\/\/www.facebook.com\/cannabinno\/\" \/>\n<meta property=\"article:modified_time\" content=\"2022-09-27T14:37:16+00:00\" \/>\n<meta property=\"og:image\" content=\"https:\/\/www.cannabinno.swiss\/wp-content\/uploads\/2021\/04\/buderator-og.jpg\" \/>\n<meta name=\"twitter:card\" content=\"summary_large_image\" \/>\n<meta name=\"twitter:label1\" content=\"Est. reading time\" \/>\n\t<meta name=\"twitter:data1\" content=\"11 minutes\" \/>\n<script type=\"application\/ld+json\" class=\"yoast-schema-graph\">{\"@context\":\"https:\/\/schema.org\",\"@graph\":[{\"@type\":\"WebPage\",\"@id\":\"https:\/\/www.cannabinno.swiss\/en\/products\/buderator-grow\/\",\"url\":\"https:\/\/www.cannabinno.swiss\/en\/products\/buderator-grow\/\",\"name\":\"Buderator Grow - H\u00f6chste Qualit\u00e4t beim debudder\",\"isPartOf\":{\"@id\":\"https:\/\/www.cannabinno.swiss\/en\/#website\"},\"datePublished\":\"2022-03-29T10:01:43+00:00\",\"dateModified\":\"2022-09-27T14:37:16+00:00\",\"description\":\"The high quality debudder for wet and dry processing for cannabis flowers without compromising quality - Made in Switzerland.\",\"breadcrumb\":{\"@id\":\"https:\/\/www.cannabinno.swiss\/en\/products\/buderator-grow\/#breadcrumb\"},\"inLanguage\":\"en-US\",\"potentialAction\":[{\"@type\":\"ReadAction\",\"target\":[\"https:\/\/www.cannabinno.swiss\/en\/products\/buderator-grow\/\"]}]},{\"@type\":\"BreadcrumbList\",\"@id\":\"https:\/\/www.cannabinno.swiss\/en\/products\/buderator-grow\/#breadcrumb\",\"itemListElement\":[{\"@type\":\"ListItem\",\"position\":1,\"name\":\"Startseite\",\"item\":\"https:\/\/www.cannabinno.swiss\/en\/\"},{\"@type\":\"ListItem\",\"position\":2,\"name\":\"Products\",\"item\":\"https:\/\/www.cannabinno.swiss\/en\/products\/\"},{\"@type\":\"ListItem\",\"position\":3,\"name\":\"Buderator GROW\"}]},{\"@type\":\"WebSite\",\"@id\":\"https:\/\/www.cannabinno.swiss\/en\/#website\",\"url\":\"https:\/\/www.cannabinno.swiss\/en\/\",\"name\":\"Cannabinno\",\"description\":\"The innovative cannabis grafting system from Adec-Solutions - Highest quality for the perfect yield - &quot;Made in Switzerland&quot;.\",\"publisher\":{\"@id\":\"https:\/\/www.cannabinno.swiss\/en\/#organization\"},\"potentialAction\":[{\"@type\":\"SearchAction\",\"target\":{\"@type\":\"EntryPoint\",\"urlTemplate\":\"https:\/\/www.cannabinno.swiss\/en\/?s={search_term_string}\"},\"query-input\":\"required name=search_term_string\"}],\"inLanguage\":\"en-US\"},{\"@type\":\"Organization\",\"@id\":\"https:\/\/www.cannabinno.swiss\/en\/#organization\",\"name\":\"Cannabinno\",\"url\":\"https:\/\/www.cannabinno.swiss\/en\/\",\"logo\":{\"@type\":\"ImageObject\",\"inLanguage\":\"en-US\",\"@id\":\"https:\/\/www.cannabinno.swiss\/en\/#\/schema\/logo\/image\/\",\"url\":\"https:\/\/www.cannabinno.swiss\/wp-content\/uploads\/2019\/03\/logo_cannabinno.svg\",\"contentUrl\":\"https:\/\/www.cannabinno.swiss\/wp-content\/uploads\/2019\/03\/logo_cannabinno.svg\",\"width\":243,\"height\":93,\"caption\":\"Cannabinno\"},\"image\":{\"@id\":\"https:\/\/www.cannabinno.swiss\/en\/#\/schema\/logo\/image\/\"},\"sameAs\":[\"https:\/\/www.facebook.com\/cannabinno\/\",\"https:\/\/www.instagram.com\/cannabinno.swiss\/\",\"https:\/\/www.linkedin.com\/showcase\/cannabinno\"]}]}<\/script>\n<!-- \/ Yoast SEO Premium plugin. -->","yoast_head_json":{"title":"Buderator Grow - H\u00f6chste Qualit\u00e4t beim debudder","description":"The high quality debudder for wet and dry processing for cannabis flowers without compromising quality - Made in Switzerland.","robots":{"index":"index","follow":"follow","max-snippet":"max-snippet:-1","max-image-preview":"max-image-preview:large","max-video-preview":"max-video-preview:-1"},"canonical":"https:\/\/www.cannabinno.swiss\/en\/products\/buderator-grow\/","og_locale":"en_US","og_type":"article","og_title":"Cannabinno - H\u00f6chste Qualit\u00e4t beim CBD Trimmen.","og_description":"Der hochwertige CBD Trimmer f\u00fcr Nass- und Trockenbearbeitung f\u00fcr Cannabisbl\u00fcten ohne Qualit\u00e4tseinbussen - Made in Switzerland","og_url":"https:\/\/www.cannabinno.swiss\/en\/products\/buderator-grow\/","og_site_name":"Cannabinno","article_publisher":"https:\/\/www.facebook.com\/cannabinno\/","article_modified_time":"2022-09-27T14:37:16+00:00","og_image":[{"url":"https:\/\/www.cannabinno.swiss\/wp-content\/uploads\/2021\/04\/buderator-og.jpg"}],"twitter_card":"summary_large_image","twitter_misc":{"Est. reading time":"11 minutes"},"schema":{"@context":"https:\/\/schema.org","@graph":[{"@type":"WebPage","@id":"https:\/\/www.cannabinno.swiss\/en\/products\/buderator-grow\/","url":"https:\/\/www.cannabinno.swiss\/en\/products\/buderator-grow\/","name":"Buderator Grow - H\u00f6chste Qualit\u00e4t beim debudder","isPartOf":{"@id":"https:\/\/www.cannabinno.swiss\/en\/#website"},"datePublished":"2022-03-29T10:01:43+00:00","dateModified":"2022-09-27T14:37:16+00:00","description":"The high quality debudder for wet and dry processing for cannabis flowers without compromising quality - Made in Switzerland.","breadcrumb":{"@id":"https:\/\/www.cannabinno.swiss\/en\/products\/buderator-grow\/#breadcrumb"},"inLanguage":"en-US","potentialAction":[{"@type":"ReadAction","target":["https:\/\/www.cannabinno.swiss\/en\/products\/buderator-grow\/"]}]},{"@type":"BreadcrumbList","@id":"https:\/\/www.cannabinno.swiss\/en\/products\/buderator-grow\/#breadcrumb","itemListElement":[{"@type":"ListItem","position":1,"name":"Startseite","item":"https:\/\/www.cannabinno.swiss\/en\/"},{"@type":"ListItem","position":2,"name":"Products","item":"https:\/\/www.cannabinno.swiss\/en\/products\/"},{"@type":"ListItem","position":3,"name":"Buderator GROW"}]},{"@type":"WebSite","@id":"https:\/\/www.cannabinno.swiss\/en\/#website","url":"https:\/\/www.cannabinno.swiss\/en\/","name":"Cannabinno","description":"The innovative cannabis grafting system from Adec-Solutions - Highest quality for the perfect yield - &quot;Made in Switzerland&quot;.","publisher":{"@id":"https:\/\/www.cannabinno.swiss\/en\/#organization"},"potentialAction":[{"@type":"SearchAction","target":{"@type":"EntryPoint","urlTemplate":"https:\/\/www.cannabinno.swiss\/en\/?s={search_term_string}"},"query-input":"required name=search_term_string"}],"inLanguage":"en-US"},{"@type":"Organization","@id":"https:\/\/www.cannabinno.swiss\/en\/#organization","name":"Cannabinno","url":"https:\/\/www.cannabinno.swiss\/en\/","logo":{"@type":"ImageObject","inLanguage":"en-US","@id":"https:\/\/www.cannabinno.swiss\/en\/#\/schema\/logo\/image\/","url":"https:\/\/www.cannabinno.swiss\/wp-content\/uploads\/2019\/03\/logo_cannabinno.svg","contentUrl":"https:\/\/www.cannabinno.swiss\/wp-content\/uploads\/2019\/03\/logo_cannabinno.svg","width":243,"height":93,"caption":"Cannabinno"},"image":{"@id":"https:\/\/www.cannabinno.swiss\/en\/#\/schema\/logo\/image\/"},"sameAs":["https:\/\/www.facebook.com\/cannabinno\/","https:\/\/www.instagram.com\/cannabinno.swiss\/","https:\/\/www.linkedin.com\/showcase\/cannabinno"]}]}},"_links":{"self":[{"href":"https:\/\/www.cannabinno.swiss\/en\/wp-json\/wp\/v2\/pages\/7592"}],"collection":[{"href":"https:\/\/www.cannabinno.swiss\/en\/wp-json\/wp\/v2\/pages"}],"about":[{"href":"https:\/\/www.cannabinno.swiss\/en\/wp-json\/wp\/v2\/types\/page"}],"author":[{"embeddable":true,"href":"https:\/\/www.cannabinno.swiss\/en\/wp-json\/wp\/v2\/users\/7"}],"replies":[{"embeddable":true,"href":"https:\/\/www.cannabinno.swiss\/en\/wp-json\/wp\/v2\/comments?post=7592"}],"version-history":[{"count":10,"href":"https:\/\/www.cannabinno.swiss\/en\/wp-json\/wp\/v2\/pages\/7592\/revisions"}],"predecessor-version":[{"id":9507,"href":"https:\/\/www.cannabinno.swiss\/en\/wp-json\/wp\/v2\/pages\/7592\/revisions\/9507"}],"up":[{"embeddable":true,"href":"https:\/\/www.cannabinno.swiss\/en\/wp-json\/wp\/v2\/pages\/2803"}],"wp:attachment":[{"href":"https:\/\/www.cannabinno.swiss\/en\/wp-json\/wp\/v2\/media?parent=7592"}],"curies":[{"name":"wp","href":"https:\/\/api.w.org\/{rel}","templated":true}]}}